{"id":13618,"date":"2025-07-15T08:45:04","date_gmt":"2025-07-15T06:45:04","guid":{"rendered":"https:\/\/www.biholiday.com\/?page_id=13618"},"modified":"2025-07-22T17:05:18","modified_gmt":"2025-07-22T15:05:18","slug":"whistleblowing","status":"publish","type":"page","link":"https:\/\/www.biholiday.com\/it\/whistleblowing\/","title":{"rendered":"Whistleblowing"},"content":{"rendered":"\t\t<div data-elementor-type=\"wp-page\" data-elementor-id=\"13618\" class=\"elementor elementor-13618\" data-elementor-post-type=\"page\">\n\t\t\t\t<div class=\"has_eae_slider elementor-element elementor-element-09a5cdd e-flex e-con-boxed e-con e-parent\" data-eae-slider=\"94779\" data-id=\"09a5cdd\" data-element_type=\"container\">\n\t\t\t\t\t<div class=\"e-con-inner\">\n\t\t\t\t<div class=\"elementor-element elementor-element-918cd1a elementor-widget elementor-widget-text-editor\" data-id=\"918cd1a\" data-element_type=\"widget\" data-widget_type=\"text-editor.default\">\n\t\t\t\t<div class=\"elementor-widget-container\">\n\t\t\t\t\t\t\t\t\t<h2>Whistleblowing<\/h2><p>\u00a0<\/p><p><strong>LA SEGNALAZIONE DI UN ILLECITO NON \u00c8 UN RECLAMO SULL\u2019ESPERIENZA NELLE NOSTRE STRUTTURE. PER RECLAMI O COMUNICAZIONI E SUGGERIMENTI SUI SERVIZI AL PUBBLICO DI NATURA COMMERCIALE CONTATTA IL NOSTRO CENTRO PRENOTAZIONI.<\/strong><\/p><p>Il Gruppo BiHoliday si impegna a promuovere e diffondere una cultura aziendale basata sull\u2019etica e la trasparenza. A tal fine, BiHoliday si aspetta che tutti coloro che operano nel contesto lavorativo della Societ\u00e0, come i dipendenti, vertici aziendali, componenti degli organi sociali e\/o business partners, segnalino notizie circa la violazione di:<\/p><ul class=\"wp-block-list\"><li>Norme e regolamenti applicabili;<\/li><li>Codice Etico;<\/li><li>Modello di organizzazione, gestione e controllo ex Decreto Legislativo 8 giugno 2001, n. 231;<\/li><li>Sistema dei poteri e delle deleghe;<\/li><li>Quadro normativo aziendale interno (Procedura sulla Salute e Sicurezza e altre policy e procedure interne, ecc.).<\/li><\/ul><p>Per questo BiHoliday ha implementato canali di segnalazione interna di violazioni e di irregolarit\u00e0 (atti e\/o comportamenti illeciti, commissivi o omissivi, che ledono l\u2019interesse pubblico o l\u2019integrit\u00e0 della Societ\u00e0) che garantiscano ai segnalanti la riservatezza della loro identit\u00e0 e delle informazioni contenute nella segnalazione nonch\u00e9 la loro protezione da eventuali ritorsioni. Sebbene le segnalazioni anonime siano accettate, si suggerisce ai segnalanti di privilegiare quelle nominative, al fine di velocizzare e rendere pi\u00f9 efficaci le indagini.<\/p><p>BiHoliday ha adottato una piattaforma informatica, gestita da un soggetto terzo specializzato, mediante la quale \u00e8 possibile effettuare la segnalazione sia in forma scritta che mediante sistemi di messaggistica vocale.<\/p>\t\t\t\t\t\t\t\t<\/div>\n\t\t\t\t<\/div>\n\t\t\t\t<div class=\"elementor-element elementor-element-77eb8960 elementor-position-left elementor-mobile-position-left elementor-view-default elementor-widget elementor-widget-icon-box\" data-id=\"77eb8960\" data-element_type=\"widget\" data-widget_type=\"icon-box.default\">\n\t\t\t\t<div class=\"elementor-widget-container\">\n\t\t\t\t\t\t\t<div class=\"elementor-icon-box-wrapper\">\n\n\t\t\t\t\t\t<div class=\"elementor-icon-box-icon\">\n\t\t\t\t<a href=\"https:\/\/biholiday.integrityline.com\/?lang=it\" target=\"_blank\" class=\"elementor-icon\" tabindex=\"-1\" aria-label=\"Inserisci qui la tua segnalazione\">\n\t\t\t\t<svg aria-hidden=\"true\" class=\"e-font-icon-svg e-far-circle\" viewBox=\"0 0 512 512\" xmlns=\"http:\/\/www.w3.org\/2000\/svg\"><path d=\"M256 8C119 8 8 119 8 256s111 248 248 248 248-111 248-248S393 8 256 8zm0 448c-110.5 0-200-89.5-200-200S145.5 56 256 56s200 89.5 200 200-89.5 200-200 200z\"><\/path><\/svg>\t\t\t\t<\/a>\n\t\t\t<\/div>\n\t\t\t\n\t\t\t\t\t\t<div class=\"elementor-icon-box-content\">\n\n\t\t\t\t\t\t\t\t\t<div class=\"elementor-icon-box-title\">\n\t\t\t\t\t\t<a href=\"https:\/\/biholiday.integrityline.com\/?lang=it\" target=\"_blank\" >\n\t\t\t\t\t\t\tInserisci qui la tua segnalazione\t\t\t\t\t\t<\/a>\n\t\t\t\t\t<\/div>\n\t\t\t\t\n\t\t\t\t\n\t\t\t<\/div>\n\t\t\t\n\t\t<\/div>\n\t\t\t\t\t\t<\/div>\n\t\t\t\t<\/div>\n\t\t\t\t\t<\/div>\n\t\t\t\t<\/div>\n\t\t\t\t<\/div>\n\t\t","protected":false},"excerpt":{"rendered":"<p>Whistleblowing \u00a0 LA SEGNALAZIONE DI UN ILLECITO NON \u00c8 UN RECLAMO SULL\u2019ESPERIENZA NELLE NOSTRE STRUTTURE. PER RECLAMI O COMUNICAZIONI E SUGGERIMENTI SUI SERVIZI AL PUBBLICO DI NATURA COMMERCIALE CONTATTA IL NOSTRO CENTRO PRENOTAZIONI. Il Gruppo BiHoliday si impegna a promuovere e diffondere una cultura aziendale basata sull\u2019etica e la trasparenza. A tal fine, BiHoliday si [&hellip;]<\/p>\n","protected":false},"author":5,"featured_media":0,"parent":0,"menu_order":0,"comment_status":"closed","ping_status":"closed","template":"","meta":{"_acf_changed":false,"footnotes":""},"class_list":["post-13618","page","type-page","status-publish","hentry"],"acf":[],"yoast_head":"<!-- This site is optimized with the Yoast SEO plugin v26.0 - https:\/\/yoast.com\/wordpress\/plugins\/seo\/ -->\n<title>Whistleblowing - Biholiday<\/title>\n<meta name=\"robots\" content=\"index, follow, max-snippet:-1, max-image-preview:large, max-video-preview:-1\" \/>\n<link rel=\"canonical\" href=\"https:\/\/www.biholiday.com\/it\/whistleblowing\/\" \/>\n<meta property=\"og:locale\" content=\"it_IT\" \/>\n<meta property=\"og:type\" content=\"article\" \/>\n<meta property=\"og:title\" content=\"Whistleblowing - Biholiday\" \/>\n<meta property=\"og:description\" content=\"Whistleblowing \u00a0 LA SEGNALAZIONE DI UN ILLECITO NON \u00c8 UN RECLAMO SULL\u2019ESPERIENZA NELLE NOSTRE STRUTTURE. PER RECLAMI O COMUNICAZIONI E SUGGERIMENTI SUI SERVIZI AL PUBBLICO DI NATURA COMMERCIALE CONTATTA IL NOSTRO CENTRO PRENOTAZIONI. Il Gruppo BiHoliday si impegna a promuovere e diffondere una cultura aziendale basata sull\u2019etica e la trasparenza. A tal fine, BiHoliday si [&hellip;]\" \/>\n<meta property=\"og:url\" content=\"https:\/\/www.biholiday.com\/it\/whistleblowing\/\" \/>\n<meta property=\"og:site_name\" content=\"Biholiday\" \/>\n<meta property=\"article:modified_time\" content=\"2025-07-22T15:05:18+00:00\" \/>\n<meta name=\"twitter:card\" content=\"summary_large_image\" \/>\n<meta name=\"twitter:label1\" content=\"Tempo di lettura stimato\" \/>\n\t<meta name=\"twitter:data1\" content=\"2 minuti\" \/>\n<script type=\"application\/ld+json\" class=\"yoast-schema-graph\">{\"@context\":\"https:\/\/schema.org\",\"@graph\":[{\"@type\":\"WebPage\",\"@id\":\"https:\/\/www.biholiday.com\/it\/whistleblowing\/\",\"url\":\"https:\/\/www.biholiday.com\/it\/whistleblowing\/\",\"name\":\"Whistleblowing - Biholiday\",\"isPartOf\":{\"@id\":\"https:\/\/www.biholiday.com\/it\/#website\"},\"datePublished\":\"2025-07-15T06:45:04+00:00\",\"dateModified\":\"2025-07-22T15:05:18+00:00\",\"breadcrumb\":{\"@id\":\"https:\/\/www.biholiday.com\/it\/whistleblowing\/#breadcrumb\"},\"inLanguage\":\"it-IT\",\"potentialAction\":[{\"@type\":\"ReadAction\",\"target\":[\"https:\/\/www.biholiday.com\/it\/whistleblowing\/\"]}]},{\"@type\":\"BreadcrumbList\",\"@id\":\"https:\/\/www.biholiday.com\/it\/whistleblowing\/#breadcrumb\",\"itemListElement\":[{\"@type\":\"ListItem\",\"position\":1,\"name\":\"Home\",\"item\":\"https:\/\/www.biholiday.com\/it\/\"},{\"@type\":\"ListItem\",\"position\":2,\"name\":\"Whistleblowing\"}]},{\"@type\":\"WebSite\",\"@id\":\"https:\/\/www.biholiday.com\/it\/#website\",\"url\":\"https:\/\/www.biholiday.com\/it\/\",\"name\":\"Biholiday\",\"description\":\"\",\"publisher\":{\"@id\":\"https:\/\/www.biholiday.com\/it\/#organization\"},\"potentialAction\":[{\"@type\":\"SearchAction\",\"target\":{\"@type\":\"EntryPoint\",\"urlTemplate\":\"https:\/\/www.biholiday.com\/it\/?s={search_term_string}\"},\"query-input\":{\"@type\":\"PropertyValueSpecification\",\"valueRequired\":true,\"valueName\":\"search_term_string\"}}],\"inLanguage\":\"it-IT\"},{\"@type\":\"Organization\",\"@id\":\"https:\/\/www.biholiday.com\/it\/#organization\",\"name\":\"Biholiday\",\"url\":\"https:\/\/www.biholiday.com\/it\/\",\"logo\":{\"@type\":\"ImageObject\",\"inLanguage\":\"it-IT\",\"@id\":\"https:\/\/www.biholiday.com\/it\/#\/schema\/logo\/image\/\",\"url\":\"https:\/\/www.biholiday.com\/wp-content\/uploads\/2024\/09\/Logo-BiHoliday.png\",\"contentUrl\":\"https:\/\/www.biholiday.com\/wp-content\/uploads\/2024\/09\/Logo-BiHoliday.png\",\"width\":512,\"height\":256,\"caption\":\"Biholiday\"},\"image\":{\"@id\":\"https:\/\/www.biholiday.com\/it\/#\/schema\/logo\/image\/\"}}]}<\/script>\n<!-- \/ Yoast SEO plugin. -->","yoast_head_json":{"title":"Whistleblowing - Biholiday","robots":{"index":"index","follow":"follow","max-snippet":"max-snippet:-1","max-image-preview":"max-image-preview:large","max-video-preview":"max-video-preview:-1"},"canonical":"https:\/\/www.biholiday.com\/it\/whistleblowing\/","og_locale":"it_IT","og_type":"article","og_title":"Whistleblowing - Biholiday","og_description":"Whistleblowing \u00a0 LA SEGNALAZIONE DI UN ILLECITO NON \u00c8 UN RECLAMO SULL\u2019ESPERIENZA NELLE NOSTRE STRUTTURE. PER RECLAMI O COMUNICAZIONI E SUGGERIMENTI SUI SERVIZI AL PUBBLICO DI NATURA COMMERCIALE CONTATTA IL NOSTRO CENTRO PRENOTAZIONI. Il Gruppo BiHoliday si impegna a promuovere e diffondere una cultura aziendale basata sull\u2019etica e la trasparenza. A tal fine, BiHoliday si [&hellip;]","og_url":"https:\/\/www.biholiday.com\/it\/whistleblowing\/","og_site_name":"Biholiday","article_modified_time":"2025-07-22T15:05:18+00:00","twitter_card":"summary_large_image","twitter_misc":{"Tempo di lettura stimato":"2 minuti"},"schema":{"@context":"https:\/\/schema.org","@graph":[{"@type":"WebPage","@id":"https:\/\/www.biholiday.com\/it\/whistleblowing\/","url":"https:\/\/www.biholiday.com\/it\/whistleblowing\/","name":"Whistleblowing - Biholiday","isPartOf":{"@id":"https:\/\/www.biholiday.com\/it\/#website"},"datePublished":"2025-07-15T06:45:04+00:00","dateModified":"2025-07-22T15:05:18+00:00","breadcrumb":{"@id":"https:\/\/www.biholiday.com\/it\/whistleblowing\/#breadcrumb"},"inLanguage":"it-IT","potentialAction":[{"@type":"ReadAction","target":["https:\/\/www.biholiday.com\/it\/whistleblowing\/"]}]},{"@type":"BreadcrumbList","@id":"https:\/\/www.biholiday.com\/it\/whistleblowing\/#breadcrumb","itemListElement":[{"@type":"ListItem","position":1,"name":"Home","item":"https:\/\/www.biholiday.com\/it\/"},{"@type":"ListItem","position":2,"name":"Whistleblowing"}]},{"@type":"WebSite","@id":"https:\/\/www.biholiday.com\/it\/#website","url":"https:\/\/www.biholiday.com\/it\/","name":"Biholiday","description":"","publisher":{"@id":"https:\/\/www.biholiday.com\/it\/#organization"},"potentialAction":[{"@type":"SearchAction","target":{"@type":"EntryPoint","urlTemplate":"https:\/\/www.biholiday.com\/it\/?s={search_term_string}"},"query-input":{"@type":"PropertyValueSpecification","valueRequired":true,"valueName":"search_term_string"}}],"inLanguage":"it-IT"},{"@type":"Organization","@id":"https:\/\/www.biholiday.com\/it\/#organization","name":"Biholiday","url":"https:\/\/www.biholiday.com\/it\/","logo":{"@type":"ImageObject","inLanguage":"it-IT","@id":"https:\/\/www.biholiday.com\/it\/#\/schema\/logo\/image\/","url":"https:\/\/www.biholiday.com\/wp-content\/uploads\/2024\/09\/Logo-BiHoliday.png","contentUrl":"https:\/\/www.biholiday.com\/wp-content\/uploads\/2024\/09\/Logo-BiHoliday.png","width":512,"height":256,"caption":"Biholiday"},"image":{"@id":"https:\/\/www.biholiday.com\/it\/#\/schema\/logo\/image\/"}}]}},"_links":{"self":[{"href":"https:\/\/www.biholiday.com\/it\/wp-json\/wp\/v2\/pages\/13618","targetHints":{"allow":["GET"]}}],"collection":[{"href":"https:\/\/www.biholiday.com\/it\/wp-json\/wp\/v2\/pages"}],"about":[{"href":"https:\/\/www.biholiday.com\/it\/wp-json\/wp\/v2\/types\/page"}],"author":[{"embeddable":true,"href":"https:\/\/www.biholiday.com\/it\/wp-json\/wp\/v2\/users\/5"}],"replies":[{"embeddable":true,"href":"https:\/\/www.biholiday.com\/it\/wp-json\/wp\/v2\/comments?post=13618"}],"version-history":[{"count":13,"href":"https:\/\/www.biholiday.com\/it\/wp-json\/wp\/v2\/pages\/13618\/revisions"}],"predecessor-version":[{"id":14314,"href":"https:\/\/www.biholiday.com\/it\/wp-json\/wp\/v2\/pages\/13618\/revisions\/14314"}],"wp:attachment":[{"href":"https:\/\/www.biholiday.com\/it\/wp-json\/wp\/v2\/media?parent=13618"}],"curies":[{"name":"wp","href":"https:\/\/api.w.org\/{rel}","templated":true}]}}