{"id":13178,"date":"2024-09-09T15:49:20","date_gmt":"2024-09-09T13:49:20","guid":{"rendered":"https:\/\/www.biholiday.com\/contatti\/"},"modified":"2025-07-18T15:54:53","modified_gmt":"2025-07-18T13:54:53","slug":"kontakt","status":"publish","type":"page","link":"https:\/\/www.biholiday.com\/hr\/kontakt\/","title":{"rendered":"Kontakt"},"content":{"rendered":"\t\t<div data-elementor-type=\"wp-page\" data-elementor-id=\"13178\" class=\"elementor elementor-13178 elementor-87\" data-elementor-post-type=\"page\">\n\t\t\t\t<div class=\"has_eae_slider elementor-element elementor-element-7077b31d e-flex e-con-boxed e-con e-parent\" data-eae-slider=\"11707\" data-id=\"7077b31d\" data-element_type=\"container\" id=\"form\">\n\t\t\t\t\t<div class=\"e-con-inner\">\n\t\t<div class=\"has_eae_slider elementor-element elementor-element-1b964af1 e-con-full e-flex e-con e-child\" data-eae-slider=\"81315\" data-id=\"1b964af1\" data-element_type=\"container\">\n\t\t\t\t<div class=\"elementor-element elementor-element-7fb730d0 elementor-widget elementor-widget-heading\" data-id=\"7fb730d0\" data-element_type=\"widget\" data-widget_type=\"heading.default\">\n\t\t\t\t<div class=\"elementor-widget-container\">\n\t\t\t\t\t<h2 class=\"elementor-heading-title elementor-size-default\">Imate pitanja ili posebne zahtjeve?\n\n<\/h2>\t\t\t\t<\/div>\n\t\t\t\t<\/div>\n\t\t\t\t<div class=\"elementor-element elementor-element-5d865a84 elementor-widget elementor-widget-text-editor\" data-id=\"5d865a84\" data-element_type=\"widget\" data-widget_type=\"text-editor.default\">\n\t\t\t\t<div class=\"elementor-widget-container\">\n\t\t\t\t\t\t\t\t\t<p>Ispunite obrazac sa strane i na\u0161 tim \u0107e vam odgovoriti u najkra\u0107em mogu\u0107em roku.<\/p><p>Tu smo da vam pomognemo organizirati va\u0161 savr\u0161en boravak.<\/p>\t\t\t\t\t\t\t\t<\/div>\n\t\t\t\t<\/div>\n\t\t\t\t<\/div>\n\t\t<div class=\"has_eae_slider elementor-element elementor-element-6e5a52d4 e-con-full e-flex e-con e-child\" data-eae-slider=\"53840\" data-id=\"6e5a52d4\" data-element_type=\"container\">\n\t\t\t\t<div class=\"elementor-element elementor-element-1935172f elementor-widget elementor-widget-text-editor\" data-id=\"1935172f\" data-element_type=\"widget\" data-widget_type=\"text-editor.default\">\n\t\t\t\t<div class=\"elementor-widget-container\">\n\t\t\t\t\t\t\t\t\t<strong>Informacije<\/strong>\n\n\t\t\t\t\t\t\t\t<\/div>\n\t\t\t\t<\/div>\n\t\t\t\t<div class=\"elementor-element elementor-element-4658863e elementor-button-align-start elementor-widget elementor-widget-form\" data-id=\"4658863e\" data-element_type=\"widget\" data-settings=\"{&quot;step_next_label&quot;:&quot;Successivo&quot;,&quot;step_previous_label&quot;:&quot;Precedente&quot;,&quot;button_width&quot;:&quot;25&quot;,&quot;step_type&quot;:&quot;number_text&quot;,&quot;step_icon_shape&quot;:&quot;circle&quot;}\" data-widget_type=\"form.default\">\n\t\t\t\t<div class=\"elementor-widget-container\">\n\t\t\t\t\t\t\t<form class=\"elementor-form\" method=\"post\" name=\"Form contatti\" aria-label=\"Form contatti\">\n\t\t\t<input type=\"hidden\" name=\"post_id\" value=\"13178\"\/>\n\t\t\t<input type=\"hidden\" name=\"form_id\" value=\"4658863e\"\/>\n\t\t\t<input type=\"hidden\" name=\"referer_title\" value=\"Kontakt - Biholiday\" \/>\n\n\t\t\t\t\t\t\t<input type=\"hidden\" name=\"queried_id\" value=\"13178\"\/>\n\t\t\t\n\t\t\t<div class=\"elementor-form-fields-wrapper elementor-labels-\">\n\t\t\t\t\t\t\t\t<div class=\"elementor-field-type-text elementor-field-group elementor-column elementor-field-group-name elementor-col-50 elementor-field-required\">\n\t\t\t\t\t\t\t\t\t\t\t\t<label for=\"form-field-name\" class=\"elementor-field-label elementor-screen-only\">\n\t\t\t\t\t\t\t\tNome\t\t\t\t\t\t\t<\/label>\n\t\t\t\t\t\t\t\t\t\t\t\t\t\t<input size=\"1\" type=\"text\" name=\"form_fields[name]\" id=\"form-field-name\" class=\"elementor-field elementor-size-sm  elementor-field-textual\" placeholder=\"Ime*\" required=\"required\">\n\t\t\t\t\t\t\t\t\t\t\t<\/div>\n\t\t\t\t\t\t\t\t<div class=\"elementor-field-type-text elementor-field-group elementor-column elementor-field-group-field_32420d6 elementor-col-50 elementor-field-required\">\n\t\t\t\t\t\t\t\t\t\t\t\t<label for=\"form-field-field_32420d6\" class=\"elementor-field-label elementor-screen-only\">\n\t\t\t\t\t\t\t\tCognome\t\t\t\t\t\t\t<\/label>\n\t\t\t\t\t\t\t\t\t\t\t\t\t\t<input size=\"1\" type=\"text\" name=\"form_fields[field_32420d6]\" id=\"form-field-field_32420d6\" class=\"elementor-field elementor-size-sm  elementor-field-textual\" placeholder=\"Prezime*\" required=\"required\">\n\t\t\t\t\t\t\t\t\t\t\t<\/div>\n\t\t\t\t\t\t\t\t<div class=\"elementor-field-type-email elementor-field-group elementor-column elementor-field-group-email elementor-col-50 elementor-field-required\">\n\t\t\t\t\t\t\t\t\t\t\t\t<label for=\"form-field-email\" class=\"elementor-field-label elementor-screen-only\">\n\t\t\t\t\t\t\t\tEmail\t\t\t\t\t\t\t<\/label>\n\t\t\t\t\t\t\t\t\t\t\t\t\t\t<input size=\"1\" type=\"email\" name=\"form_fields[email]\" id=\"form-field-email\" class=\"elementor-field elementor-size-sm  elementor-field-textual\" placeholder=\"Email\" required=\"required\">\n\t\t\t\t\t\t\t\t\t\t\t<\/div>\n\t\t\t\t\t\t\t\t<div class=\"elementor-field-type-tel elementor-field-group elementor-column elementor-field-group-tel elementor-col-50 elementor-field-required\">\n\t\t\t\t\t\t\t\t\t\t\t\t<label for=\"form-field-tel\" class=\"elementor-field-label elementor-screen-only\">\n\t\t\t\t\t\t\t\tTelefono\t\t\t\t\t\t\t<\/label>\n\t\t\t\t\t\t\t\t<input size=\"1\" type=\"tel\" name=\"form_fields[tel]\" id=\"form-field-tel\" class=\"elementor-field elementor-size-sm  elementor-field-textual\" placeholder=\"Telefon*\" required=\"required\" pattern=\"[0-9()#&amp;+*-=.]+\" title=\"Only numbers and phone characters (#, -, *, etc) are accepted.\">\n\n\t\t\t\t\t\t<\/div>\n\t\t\t\t\t\t\t\t<div class=\"elementor-field-type-text elementor-field-group elementor-column elementor-field-group-azienda elementor-col-100 elementor-field-required\">\n\t\t\t\t\t\t\t\t\t\t\t\t<label for=\"form-field-azienda\" class=\"elementor-field-label elementor-screen-only\">\n\t\t\t\t\t\t\t\tAzienda\t\t\t\t\t\t\t<\/label>\n\t\t\t\t\t\t\t\t\t\t\t\t\t\t<input size=\"1\" type=\"text\" name=\"form_fields[azienda]\" id=\"form-field-azienda\" class=\"elementor-field elementor-size-sm  elementor-field-textual\" placeholder=\"Tvrtka*\" required=\"required\">\n\t\t\t\t\t\t\t\t\t\t\t<\/div>\n\t\t\t\t\t\t\t\t<div class=\"elementor-field-type-textarea elementor-field-group elementor-column elementor-field-group-message elementor-col-100\">\n\t\t\t\t\t\t\t\t\t\t\t\t<label for=\"form-field-message\" class=\"elementor-field-label elementor-screen-only\">\n\t\t\t\t\t\t\t\tMessaggio\t\t\t\t\t\t\t<\/label>\n\t\t\t\t\t\t<textarea class=\"elementor-field-textual elementor-field  elementor-size-sm\" name=\"form_fields[message]\" id=\"form-field-message\" rows=\"4\" placeholder=\"Poruka\"><\/textarea>\t\t\t\t<\/div>\n\t\t\t\t\t\t\t\t<div class=\"elementor-field-type-acceptance elementor-field-group elementor-column elementor-field-group-acceptance elementor-col-100 elementor-field-required\">\n\t\t\t\t\t\t\t<div class=\"elementor-field-subgroup\">\n\t\t\t<span class=\"elementor-field-option\">\n\t\t\t\t<input type=\"checkbox\" name=\"form_fields[acceptance]\" id=\"form-field-acceptance\" class=\"elementor-field elementor-size-sm  elementor-acceptance-field\" required=\"required\">\n\t\t\t\t<label for=\"form-field-acceptance\">Izjavljujem da sam pro\u010ditao i razumio <a href=\"https:\/\/www.biholiday.com\/hr\/privacy-policy\/\" style=\"text-decoration:underline; color:#000;\">obavijest<\/a> o obradi podataka<\/label>\t\t\t<\/span>\n\t\t<\/div>\n\t\t\t\t\t\t<\/div>\n\t\t\t\t\t\t\t\t<div class=\"elementor-field-group elementor-column elementor-field-type-submit elementor-col-25 e-form__buttons\">\n\t\t\t\t\t<button class=\"elementor-button elementor-size-sm\" type=\"submit\" id=\"btn-send-form\">\n\t\t\t\t\t\t<span class=\"elementor-button-content-wrapper\">\n\t\t\t\t\t\t\t\t\t\t\t\t\t\t\t<span class=\"elementor-button-icon\">\n\t\t\t\t\t\t\t\t\t<svg aria-hidden=\"true\" class=\"e-font-icon-svg e-far-circle\" viewBox=\"0 0 512 512\" xmlns=\"http:\/\/www.w3.org\/2000\/svg\"><path d=\"M256 8C119 8 8 119 8 256s111 248 248 248 248-111 248-248S393 8 256 8zm0 448c-110.5 0-200-89.5-200-200S145.5 56 256 56s200 89.5 200 200-89.5 200-200 200z\"><\/path><\/svg>\t\t\t\t\t\t\t\t\t\t\t\t\t\t\t\t\t<\/span>\n\t\t\t\t\t\t\t\t\t\t\t\t\t\t\t\t\t\t\t\t\t\t<span class=\"elementor-button-text\">Po\u0161alji<\/span>\n\t\t\t\t\t\t\t\t\t\t\t\t\t<\/span>\n\t\t\t\t\t<\/button>\n\t\t\t\t<\/div>\n\t\t\t<\/div>\n\t\t<\/form>\n\t\t\t\t\t\t<\/div>\n\t\t\t\t<\/div>\n\t\t\t\t<\/div>\n\t\t\t\t\t<\/div>\n\t\t\t\t<\/div>\n\t\t\t\t<\/div>\n\t\t","protected":false},"excerpt":{"rendered":"<p>Imate pitanja ili posebne zahtjeve? Ispunite obrazac sa strane i na\u0161 tim \u0107e vam odgovoriti u najkra\u0107em mogu\u0107em roku. Tu smo da vam pomognemo organizirati va\u0161 savr\u0161en boravak. Informacije<\/p>\n","protected":false},"author":1,"featured_media":2129,"parent":0,"menu_order":0,"comment_status":"closed","ping_status":"closed","template":"","meta":{"_acf_changed":false,"footnotes":""},"class_list":["post-13178","page","type-page","status-publish","has-post-thumbnail","hentry"],"acf":[],"yoast_head":"<!-- This site is optimized with the Yoast SEO plugin v26.0 - https:\/\/yoast.com\/wordpress\/plugins\/seo\/ -->\n<title>Kontakt - Biholiday<\/title>\n<meta name=\"robots\" content=\"index, follow, max-snippet:-1, max-image-preview:large, max-video-preview:-1\" \/>\n<link rel=\"canonical\" href=\"https:\/\/www.biholiday.com\/hr\/kontakt\/\" \/>\n<meta property=\"og:locale\" content=\"hr_HR\" \/>\n<meta property=\"og:type\" content=\"article\" \/>\n<meta property=\"og:title\" content=\"Kontakt - Biholiday\" \/>\n<meta property=\"og:description\" content=\"Imate pitanja ili posebne zahtjeve? Ispunite obrazac sa strane i na\u0161 tim \u0107e vam odgovoriti u najkra\u0107em mogu\u0107em roku. Tu smo da vam pomognemo organizirati va\u0161 savr\u0161en boravak. Informacije\" \/>\n<meta property=\"og:url\" content=\"https:\/\/www.biholiday.com\/hr\/kontakt\/\" \/>\n<meta property=\"og:site_name\" content=\"Biholiday\" \/>\n<meta property=\"article:modified_time\" content=\"2025-07-18T13:54:53+00:00\" \/>\n<meta property=\"og:image\" content=\"https:\/\/www.biholiday.com\/wp-content\/uploads\/2025\/04\/banner_contatti.jpg\" \/>\n\t<meta property=\"og:image:width\" content=\"2560\" \/>\n\t<meta property=\"og:image:height\" content=\"1213\" \/>\n\t<meta property=\"og:image:type\" content=\"image\/jpeg\" \/>\n<meta name=\"twitter:card\" content=\"summary_large_image\" \/>\n<meta name=\"twitter:label1\" content=\"Procijenjeno vrijeme \u010ditanja\" \/>\n\t<meta name=\"twitter:data1\" content=\"1 minuta\" \/>\n<script type=\"application\/ld+json\" class=\"yoast-schema-graph\">{\"@context\":\"https:\/\/schema.org\",\"@graph\":[{\"@type\":\"WebPage\",\"@id\":\"https:\/\/www.biholiday.com\/hr\/kontakt\/\",\"url\":\"https:\/\/www.biholiday.com\/hr\/kontakt\/\",\"name\":\"Kontakt - Biholiday\",\"isPartOf\":{\"@id\":\"https:\/\/www.biholiday.com\/hr\/#website\"},\"primaryImageOfPage\":{\"@id\":\"https:\/\/www.biholiday.com\/hr\/kontakt\/#primaryimage\"},\"image\":{\"@id\":\"https:\/\/www.biholiday.com\/hr\/kontakt\/#primaryimage\"},\"thumbnailUrl\":\"https:\/\/www.biholiday.com\/wp-content\/uploads\/2025\/04\/banner_contatti.jpg\",\"datePublished\":\"2024-09-09T13:49:20+00:00\",\"dateModified\":\"2025-07-18T13:54:53+00:00\",\"breadcrumb\":{\"@id\":\"https:\/\/www.biholiday.com\/hr\/kontakt\/#breadcrumb\"},\"inLanguage\":\"hr\",\"potentialAction\":[{\"@type\":\"ReadAction\",\"target\":[\"https:\/\/www.biholiday.com\/hr\/kontakt\/\"]}]},{\"@type\":\"ImageObject\",\"inLanguage\":\"hr\",\"@id\":\"https:\/\/www.biholiday.com\/hr\/kontakt\/#primaryimage\",\"url\":\"https:\/\/www.biholiday.com\/wp-content\/uploads\/2025\/04\/banner_contatti.jpg\",\"contentUrl\":\"https:\/\/www.biholiday.com\/wp-content\/uploads\/2025\/04\/banner_contatti.jpg\",\"width\":2560,\"height\":1213},{\"@type\":\"BreadcrumbList\",\"@id\":\"https:\/\/www.biholiday.com\/hr\/kontakt\/#breadcrumb\",\"itemListElement\":[{\"@type\":\"ListItem\",\"position\":1,\"name\":\"Home\",\"item\":\"https:\/\/www.biholiday.com\/hr\/\"},{\"@type\":\"ListItem\",\"position\":2,\"name\":\"Kontakt\"}]},{\"@type\":\"WebSite\",\"@id\":\"https:\/\/www.biholiday.com\/hr\/#website\",\"url\":\"https:\/\/www.biholiday.com\/hr\/\",\"name\":\"Biholiday\",\"description\":\"\",\"publisher\":{\"@id\":\"https:\/\/www.biholiday.com\/hr\/#organization\"},\"potentialAction\":[{\"@type\":\"SearchAction\",\"target\":{\"@type\":\"EntryPoint\",\"urlTemplate\":\"https:\/\/www.biholiday.com\/hr\/?s={search_term_string}\"},\"query-input\":{\"@type\":\"PropertyValueSpecification\",\"valueRequired\":true,\"valueName\":\"search_term_string\"}}],\"inLanguage\":\"hr\"},{\"@type\":\"Organization\",\"@id\":\"https:\/\/www.biholiday.com\/hr\/#organization\",\"name\":\"Biholiday\",\"url\":\"https:\/\/www.biholiday.com\/hr\/\",\"logo\":{\"@type\":\"ImageObject\",\"inLanguage\":\"hr\",\"@id\":\"https:\/\/www.biholiday.com\/hr\/#\/schema\/logo\/image\/\",\"url\":\"https:\/\/www.biholiday.com\/wp-content\/uploads\/2024\/09\/Logo-BiHoliday.png\",\"contentUrl\":\"https:\/\/www.biholiday.com\/wp-content\/uploads\/2024\/09\/Logo-BiHoliday.png\",\"width\":512,\"height\":256,\"caption\":\"Biholiday\"},\"image\":{\"@id\":\"https:\/\/www.biholiday.com\/hr\/#\/schema\/logo\/image\/\"}}]}<\/script>\n<!-- \/ Yoast SEO plugin. -->","yoast_head_json":{"title":"Kontakt - Biholiday","robots":{"index":"index","follow":"follow","max-snippet":"max-snippet:-1","max-image-preview":"max-image-preview:large","max-video-preview":"max-video-preview:-1"},"canonical":"https:\/\/www.biholiday.com\/hr\/kontakt\/","og_locale":"hr_HR","og_type":"article","og_title":"Kontakt - Biholiday","og_description":"Imate pitanja ili posebne zahtjeve? Ispunite obrazac sa strane i na\u0161 tim \u0107e vam odgovoriti u najkra\u0107em mogu\u0107em roku. Tu smo da vam pomognemo organizirati va\u0161 savr\u0161en boravak. Informacije","og_url":"https:\/\/www.biholiday.com\/hr\/kontakt\/","og_site_name":"Biholiday","article_modified_time":"2025-07-18T13:54:53+00:00","og_image":[{"width":2560,"height":1213,"url":"https:\/\/www.biholiday.com\/wp-content\/uploads\/2025\/04\/banner_contatti.jpg","type":"image\/jpeg"}],"twitter_card":"summary_large_image","twitter_misc":{"Procijenjeno vrijeme \u010ditanja":"1 minuta"},"schema":{"@context":"https:\/\/schema.org","@graph":[{"@type":"WebPage","@id":"https:\/\/www.biholiday.com\/hr\/kontakt\/","url":"https:\/\/www.biholiday.com\/hr\/kontakt\/","name":"Kontakt - Biholiday","isPartOf":{"@id":"https:\/\/www.biholiday.com\/hr\/#website"},"primaryImageOfPage":{"@id":"https:\/\/www.biholiday.com\/hr\/kontakt\/#primaryimage"},"image":{"@id":"https:\/\/www.biholiday.com\/hr\/kontakt\/#primaryimage"},"thumbnailUrl":"https:\/\/www.biholiday.com\/wp-content\/uploads\/2025\/04\/banner_contatti.jpg","datePublished":"2024-09-09T13:49:20+00:00","dateModified":"2025-07-18T13:54:53+00:00","breadcrumb":{"@id":"https:\/\/www.biholiday.com\/hr\/kontakt\/#breadcrumb"},"inLanguage":"hr","potentialAction":[{"@type":"ReadAction","target":["https:\/\/www.biholiday.com\/hr\/kontakt\/"]}]},{"@type":"ImageObject","inLanguage":"hr","@id":"https:\/\/www.biholiday.com\/hr\/kontakt\/#primaryimage","url":"https:\/\/www.biholiday.com\/wp-content\/uploads\/2025\/04\/banner_contatti.jpg","contentUrl":"https:\/\/www.biholiday.com\/wp-content\/uploads\/2025\/04\/banner_contatti.jpg","width":2560,"height":1213},{"@type":"BreadcrumbList","@id":"https:\/\/www.biholiday.com\/hr\/kontakt\/#breadcrumb","itemListElement":[{"@type":"ListItem","position":1,"name":"Home","item":"https:\/\/www.biholiday.com\/hr\/"},{"@type":"ListItem","position":2,"name":"Kontakt"}]},{"@type":"WebSite","@id":"https:\/\/www.biholiday.com\/hr\/#website","url":"https:\/\/www.biholiday.com\/hr\/","name":"Biholiday","description":"","publisher":{"@id":"https:\/\/www.biholiday.com\/hr\/#organization"},"potentialAction":[{"@type":"SearchAction","target":{"@type":"EntryPoint","urlTemplate":"https:\/\/www.biholiday.com\/hr\/?s={search_term_string}"},"query-input":{"@type":"PropertyValueSpecification","valueRequired":true,"valueName":"search_term_string"}}],"inLanguage":"hr"},{"@type":"Organization","@id":"https:\/\/www.biholiday.com\/hr\/#organization","name":"Biholiday","url":"https:\/\/www.biholiday.com\/hr\/","logo":{"@type":"ImageObject","inLanguage":"hr","@id":"https:\/\/www.biholiday.com\/hr\/#\/schema\/logo\/image\/","url":"https:\/\/www.biholiday.com\/wp-content\/uploads\/2024\/09\/Logo-BiHoliday.png","contentUrl":"https:\/\/www.biholiday.com\/wp-content\/uploads\/2024\/09\/Logo-BiHoliday.png","width":512,"height":256,"caption":"Biholiday"},"image":{"@id":"https:\/\/www.biholiday.com\/hr\/#\/schema\/logo\/image\/"}}]}},"_links":{"self":[{"href":"https:\/\/www.biholiday.com\/hr\/wp-json\/wp\/v2\/pages\/13178","targetHints":{"allow":["GET"]}}],"collection":[{"href":"https:\/\/www.biholiday.com\/hr\/wp-json\/wp\/v2\/pages"}],"about":[{"href":"https:\/\/www.biholiday.com\/hr\/wp-json\/wp\/v2\/types\/page"}],"author":[{"embeddable":true,"href":"https:\/\/www.biholiday.com\/hr\/wp-json\/wp\/v2\/users\/1"}],"replies":[{"embeddable":true,"href":"https:\/\/www.biholiday.com\/hr\/wp-json\/wp\/v2\/comments?post=13178"}],"version-history":[{"count":8,"href":"https:\/\/www.biholiday.com\/hr\/wp-json\/wp\/v2\/pages\/13178\/revisions"}],"predecessor-version":[{"id":13985,"href":"https:\/\/www.biholiday.com\/hr\/wp-json\/wp\/v2\/pages\/13178\/revisions\/13985"}],"wp:featuredmedia":[{"embeddable":true,"href":"https:\/\/www.biholiday.com\/hr\/wp-json\/wp\/v2\/media\/2129"}],"wp:attachment":[{"href":"https:\/\/www.biholiday.com\/hr\/wp-json\/wp\/v2\/media?parent=13178"}],"curies":[{"name":"wp","href":"https:\/\/api.w.org\/{rel}","templated":true}]}}