{"id":13122,"date":"2024-09-09T15:47:29","date_gmt":"2024-09-09T13:47:29","guid":{"rendered":"https:\/\/www.biholiday.com\/san-francesco-village\/"},"modified":"2025-07-18T14:14:01","modified_gmt":"2025-07-18T12:14:01","slug":"san-francesco-village","status":"publish","type":"page","link":"https:\/\/www.biholiday.com\/hr\/san-francesco-village\/","title":{"rendered":"San Francesco Village"},"content":{"rendered":"\t\t<div data-elementor-type=\"wp-page\" data-elementor-id=\"13122\" class=\"elementor elementor-13122 elementor-63\" data-elementor-post-type=\"page\">\n\t\t\t\t<div class=\"has_eae_slider elementor-element elementor-element-79e7f366 e-flex e-con-boxed e-con e-parent\" data-eae-slider=\"27803\" data-id=\"79e7f366\" data-element_type=\"container\">\n\t\t\t\t\t<div class=\"e-con-inner\">\n\t\t\t\t<div class=\"elementor-element elementor-element-167c46a6 elementor-widget elementor-widget-text-editor\" data-id=\"167c46a6\" data-element_type=\"widget\" data-widget_type=\"text-editor.default\">\n\t\t\t\t<div class=\"elementor-widget-container\">\n\t\t\t\t\t\t\t\t\t<p><em>Izme\u0111u mora i borove \u0161ume na pla\u017ei Caorlea<\/em><\/p><h1>Camping Resort 5 zvjezdica na Jadranskoj obali<\/h1><p><strong>Camping Resort San Francesco, 5 zvjezdica u Caorleu<\/strong>, je tvoje selo na moru, blizu Venecije. Smje\u0161ten u zelenilu i s prostranim parcelama, ovaj resort tako\u0111er nudi mobilne ku\u0107ice i bungalove za najzahtjevnije goste. Na raspolaganju ti je vi\u0161e od 500 metara privatne pla\u017ee na moru Caorlea, <strong>Plava zastava<\/strong> Europske unije.<\/p>\t\t\t\t\t\t\t\t<\/div>\n\t\t\t\t<\/div>\n\t\t\t\t<div class=\"elementor-element elementor-element-c500bc0 elementor-position-left elementor-mobile-position-left elementor-view-default elementor-widget elementor-widget-icon-box\" data-id=\"c500bc0\" data-element_type=\"widget\" data-widget_type=\"icon-box.default\">\n\t\t\t\t<div class=\"elementor-widget-container\">\n\t\t\t\t\t\t\t<div class=\"elementor-icon-box-wrapper\">\n\n\t\t\t\t\t\t<div class=\"elementor-icon-box-icon\">\n\t\t\t\t<a href=\"https:\/\/www.villaggiosanfrancesco.com\/en\/\" target=\"_blank\" class=\"elementor-icon\" tabindex=\"-1\" aria-label=\"Otkrijte camping resort \">\n\t\t\t\t<svg xmlns=\"http:\/\/www.w3.org\/2000\/svg\" width=\"23\" height=\"23\" viewBox=\"0 0 23 23\" fill=\"none\"><circle cx=\"11.5\" cy=\"11.5\" r=\"5.25\" stroke=\"#003839\" stroke-width=\"0.5\"><\/circle><circle cx=\"11.5\" cy=\"11.5\" r=\"8.25\" stroke=\"#003839\" stroke-width=\"0.5\"><\/circle><circle cx=\"11.5\" cy=\"11.5\" r=\"11.25\" stroke=\"#003839\" stroke-width=\"0.5\"><\/circle><\/svg>\t\t\t\t<\/a>\n\t\t\t<\/div>\n\t\t\t\n\t\t\t\t\t\t<div class=\"elementor-icon-box-content\">\n\n\t\t\t\t\t\t\t\t\t<div class=\"elementor-icon-box-title\">\n\t\t\t\t\t\t<a href=\"https:\/\/www.villaggiosanfrancesco.com\/en\/\" target=\"_blank\" >\n\t\t\t\t\t\t\tOtkrijte camping resort \t\t\t\t\t\t<\/a>\n\t\t\t\t\t<\/div>\n\t\t\t\t\n\t\t\t\t\n\t\t\t<\/div>\n\t\t\t\n\t\t<\/div>\n\t\t\t\t\t\t<\/div>\n\t\t\t\t<\/div>\n\t\t\t\t\t<\/div>\n\t\t\t\t<\/div>\n\t\t<div class=\"has_eae_slider elementor-element elementor-element-6460dd88 e-flex e-con-boxed e-con e-parent\" data-eae-slider=\"68310\" data-id=\"6460dd88\" data-element_type=\"container\" data-settings=\"{&quot;background_background&quot;:&quot;gradient&quot;}\">\n\t\t\t\t\t<div class=\"e-con-inner\">\n\t\t\t\t<div class=\"elementor-element elementor-element-57ac61c6 elementor-widget elementor-widget-image\" data-id=\"57ac61c6\" data-element_type=\"widget\" data-widget_type=\"image.default\">\n\t\t\t\t<div class=\"elementor-widget-container\">\n\t\t\t\t\t\t\t\t\t\t\t\t\t\t\t<img fetchpriority=\"high\" decoding=\"async\" width=\"1440\" height=\"672\" src=\"https:\/\/www.biholiday.com\/wp-content\/uploads\/2025\/04\/Villaggio_San_Francesco_1.jpg\" class=\"attachment-full size-full wp-image-1584\" alt=\"\" srcset=\"https:\/\/www.biholiday.com\/wp-content\/uploads\/2025\/04\/Villaggio_San_Francesco_1.jpg 1440w, https:\/\/www.biholiday.com\/wp-content\/uploads\/2025\/04\/Villaggio_San_Francesco_1-300x140.jpg 300w, https:\/\/www.biholiday.com\/wp-content\/uploads\/2025\/04\/Villaggio_San_Francesco_1-1024x478.jpg 1024w, https:\/\/www.biholiday.com\/wp-content\/uploads\/2025\/04\/Villaggio_San_Francesco_1-768x358.jpg 768w\" sizes=\"(max-width: 1440px) 100vw, 1440px\" \/>\t\t\t\t\t\t\t\t\t\t\t\t\t\t\t<\/div>\n\t\t\t\t<\/div>\n\t\t\t\t\t<\/div>\n\t\t\t\t<\/div>\n\t\t<div class=\"has_eae_slider elementor-element elementor-element-4bb09488 e-flex e-con-boxed e-con e-parent\" data-eae-slider=\"72534\" data-id=\"4bb09488\" data-element_type=\"container\" data-settings=\"{&quot;background_background&quot;:&quot;gradient&quot;}\">\n\t\t\t\t\t<div class=\"e-con-inner\">\n\t\t<div class=\"has_eae_slider elementor-element elementor-element-4853a10c e-con-full e-flex e-con e-child\" data-eae-slider=\"92655\" data-id=\"4853a10c\" data-element_type=\"container\">\n\t\t\t\t<div class=\"elementor-element elementor-element-5f79e604 elementor-widget elementor-widget-text-editor\" data-id=\"5f79e604\" data-element_type=\"widget\" data-widget_type=\"text-editor.default\">\n\t\t\t\t<div class=\"elementor-widget-container\">\n\t\t\t\t\t\t\t\t\t<p>Ovdje \u0107ete prona\u0107i sve \u0161to vam je potrebno, bilo da tra\u017eite smje\u0161taj koji \u0107e odgovarati va\u0161em idealnom odmoru!<\/p>\t\t\t\t\t\t\t\t<\/div>\n\t\t\t\t<\/div>\n\t\t\t\t<\/div>\n\t\t<div class=\"has_eae_slider elementor-element elementor-element-f914c4f e-grid e-con-full e-con e-child\" data-eae-slider=\"63978\" data-id=\"f914c4f\" data-element_type=\"container\">\n\t\t<div class=\"has_eae_slider elementor-element elementor-element-f4c272f e-con-full e-flex e-con e-child\" data-eae-slider=\"9038\" data-id=\"f4c272f\" data-element_type=\"container\" data-settings=\"{&quot;background_background&quot;:&quot;classic&quot;}\">\n\t\t\t\t<div class=\"elementor-element elementor-element-a80cdc8 elementor-widget elementor-widget-heading\" data-id=\"a80cdc8\" data-element_type=\"widget\" data-widget_type=\"heading.default\">\n\t\t\t\t<div class=\"elementor-widget-container\">\n\t\t\t\t\t<div class=\"elementor-heading-title elementor-size-default\">Holiday Home<\/div>\t\t\t\t<\/div>\n\t\t\t\t<\/div>\n\t\t\t\t<div class=\"elementor-element elementor-element-4e3e73f8 elementor-widget elementor-widget-text-editor\" data-id=\"4e3e73f8\" data-element_type=\"widget\" data-widget_type=\"text-editor.default\">\n\t\t\t\t<div class=\"elementor-widget-container\">\n\t\t\t\t\t\t\t\t\tApartman ili ku\u0107ica? Imamo \u010dak 7 razli\u010ditih tipova Holiday Home smje\u0161taja iz kojih mo\u017eete odabrati i osigurati najbolji odmor ikad.\t\t\t\t\t\t\t\t<\/div>\n\t\t\t\t<\/div>\n\t\t\t\t<\/div>\n\t\t<div class=\"has_eae_slider elementor-element elementor-element-4f36fa3a e-con-full e-flex e-con e-child\" data-eae-slider=\"68577\" data-id=\"4f36fa3a\" data-element_type=\"container\" data-settings=\"{&quot;background_background&quot;:&quot;classic&quot;}\">\n\t\t\t\t<div class=\"elementor-element elementor-element-f026e62 elementor-widget elementor-widget-heading\" data-id=\"f026e62\" data-element_type=\"widget\" data-widget_type=\"heading.default\">\n\t\t\t\t<div class=\"elementor-widget-container\">\n\t\t\t\t\t<div class=\"elementor-heading-title elementor-size-default\">Lodge<\/div>\t\t\t\t<\/div>\n\t\t\t\t<\/div>\n\t\t\t\t<div class=\"elementor-element elementor-element-55155922 elementor-widget elementor-widget-text-editor\" data-id=\"55155922\" data-element_type=\"widget\" data-widget_type=\"text-editor.default\">\n\t\t\t\t<div class=\"elementor-widget-container\">\n\t\t\t\t\t\t\t\t\t<p>Pogled na more ili borova \u0161uma? Lodge se nalaze diljem Villaggio San Francesco, odaberite gdje \u017eelite boraviti.<\/p>\t\t\t\t\t\t\t\t<\/div>\n\t\t\t\t<\/div>\n\t\t\t\t<\/div>\n\t\t<div class=\"has_eae_slider elementor-element elementor-element-44329807 e-con-full e-flex e-con e-child\" data-eae-slider=\"67426\" data-id=\"44329807\" data-element_type=\"container\" data-settings=\"{&quot;background_background&quot;:&quot;classic&quot;}\">\n\t\t\t\t<div class=\"elementor-element elementor-element-5f3798e elementor-widget elementor-widget-heading\" data-id=\"5f3798e\" data-element_type=\"widget\" data-widget_type=\"heading.default\">\n\t\t\t\t<div class=\"elementor-widget-container\">\n\t\t\t\t\t<div class=\"elementor-heading-title elementor-size-default\">Formula B&amp;B<\/div>\t\t\t\t<\/div>\n\t\t\t\t<\/div>\n\t\t\t\t<div class=\"elementor-element elementor-element-416c73ed elementor-widget elementor-widget-text-editor\" data-id=\"416c73ed\" data-element_type=\"widget\" data-widget_type=\"text-editor.default\">\n\t\t\t\t<div class=\"elementor-widget-container\">\n\t\t\t\t\t\t\t\t\t<p>Tra\u017ei\u0161 odmor s potpunim komforom? Formula B&amp;B je rje\u0161enje za tebe: jedinice s privatnom kupaonicom, usluga no\u0107enja s doru\u010dkom i slobodni dani!<\/p>\t\t\t\t\t\t\t\t<\/div>\n\t\t\t\t<\/div>\n\t\t\t\t<\/div>\n\t\t<div class=\"has_eae_slider elementor-element elementor-element-60369959 e-con-full e-flex e-con e-child\" data-eae-slider=\"55964\" data-id=\"60369959\" data-element_type=\"container\" data-settings=\"{&quot;background_background&quot;:&quot;classic&quot;}\">\n\t\t\t\t<div class=\"elementor-element elementor-element-fd84efc elementor-widget elementor-widget-heading\" data-id=\"fd84efc\" data-element_type=\"widget\" data-widget_type=\"heading.default\">\n\t\t\t\t<div class=\"elementor-widget-container\">\n\t\t\t\t\t<div class=\"elementor-heading-title elementor-size-default\">Piazzole<\/div>\t\t\t\t<\/div>\n\t\t\t\t<\/div>\n\t\t\t\t<div class=\"elementor-element elementor-element-7a94a773 elementor-widget elementor-widget-text-editor\" data-id=\"7a94a773\" data-element_type=\"widget\" data-widget_type=\"text-editor.default\">\n\t\t\t\t<div class=\"elementor-widget-container\">\n\t\t\t\t\t\t\t\t\t<p>Jesi li pravi kampista? Ako dolazi\u0161 s \u0161atorom, kamp-prikolico ili kamperom, otkrij Piazzole Belvedere do 100m\u00b2 i Piazzole King Size do 130m\u00b2.<\/p>\t\t\t\t\t\t\t\t<\/div>\n\t\t\t\t<\/div>\n\t\t\t\t<\/div>\n\t\t\t\t<\/div>\n\t\t\t\t\t<\/div>\n\t\t\t\t<\/div>\n\t\t<div class=\"has_eae_slider elementor-element elementor-element-12c23648 e-flex e-con-boxed e-con e-parent\" data-eae-slider=\"11136\" data-id=\"12c23648\" data-element_type=\"container\">\n\t\t\t\t\t<div class=\"e-con-inner\">\n\t\t\t\t<div class=\"elementor-element elementor-element-402fd433 elementor-widget elementor-widget-text-editor\" data-id=\"402fd433\" data-element_type=\"widget\" data-widget_type=\"text-editor.default\">\n\t\t\t\t<div class=\"elementor-widget-container\">\n\t\t\t\t\t\t\t\t\t<p>\u0160to \u010dini Camping Resort San Francesco jedinstvenim?<\/p>\t\t\t\t\t\t\t\t<\/div>\n\t\t\t\t<\/div>\n\t\t\t\t\t<\/div>\n\t\t\t\t<\/div>\n\t\t<div class=\"has_eae_slider elementor-element elementor-element-79101b31 e-flex e-con-boxed e-con e-parent\" data-eae-slider=\"26434\" data-id=\"79101b31\" data-element_type=\"container\">\n\t\t\t\t\t<div class=\"e-con-inner\">\n\t\t<div class=\"has_eae_slider elementor-element elementor-element-48bfbb7b e-con-full position-relative e-flex e-con e-child\" data-eae-slider=\"91781\" data-id=\"48bfbb7b\" data-element_type=\"container\">\n\t\t\t\t<div class=\"elementor-element elementor-element-27ba7fee overlay-box elementor-widget elementor-widget-image\" data-id=\"27ba7fee\" data-element_type=\"widget\" data-widget_type=\"image.default\">\n\t\t\t\t<div class=\"elementor-widget-container\">\n\t\t\t\t\t\t\t\t\t\t\t\t\t\t\t<img decoding=\"async\" width=\"480\" height=\"700\" src=\"https:\/\/www.biholiday.com\/wp-content\/uploads\/2025\/04\/Villaggio_San_Francesco_2.jpg\" class=\"attachment-full size-full wp-image-1590\" alt=\"\" srcset=\"https:\/\/www.biholiday.com\/wp-content\/uploads\/2025\/04\/Villaggio_San_Francesco_2.jpg 480w, https:\/\/www.biholiday.com\/wp-content\/uploads\/2025\/04\/Villaggio_San_Francesco_2-206x300.jpg 206w\" sizes=\"(max-width: 480px) 100vw, 480px\" \/>\t\t\t\t\t\t\t\t\t\t\t\t\t\t\t<\/div>\n\t\t\t\t<\/div>\n\t\t\t\t<div class=\"elementor-element elementor-element-513bc638 elementor-absolute elementor-widget elementor-widget-heading\" data-id=\"513bc638\" data-element_type=\"widget\" data-settings=\"{&quot;_position&quot;:&quot;absolute&quot;}\" data-widget_type=\"heading.default\">\n\t\t\t\t<div class=\"elementor-widget-container\">\n\t\t\t\t\t<div class=\"elementor-heading-title elementor-size-default\">Zabava<\/div>\t\t\t\t<\/div>\n\t\t\t\t<\/div>\n\t\t\t\t<\/div>\n\t\t<div class=\"has_eae_slider elementor-element elementor-element-494ea135 e-con-full e-flex e-con e-child\" data-eae-slider=\"44842\" data-id=\"494ea135\" data-element_type=\"container\">\n\t\t\t\t<div class=\"elementor-element elementor-element-f58f149 overlay-box elementor-widget elementor-widget-image\" data-id=\"f58f149\" data-element_type=\"widget\" data-widget_type=\"image.default\">\n\t\t\t\t<div class=\"elementor-widget-container\">\n\t\t\t\t\t\t\t\t\t\t\t\t\t\t\t<img decoding=\"async\" width=\"600\" height=\"620\" src=\"https:\/\/www.biholiday.com\/wp-content\/uploads\/2025\/04\/Villaggio_San_Francesco_3.jpg\" class=\"attachment-large size-large wp-image-1595\" alt=\"\" srcset=\"https:\/\/www.biholiday.com\/wp-content\/uploads\/2025\/04\/Villaggio_San_Francesco_3.jpg 600w, https:\/\/www.biholiday.com\/wp-content\/uploads\/2025\/04\/Villaggio_San_Francesco_3-290x300.jpg 290w\" sizes=\"(max-width: 600px) 100vw, 600px\" \/>\t\t\t\t\t\t\t\t\t\t\t\t\t\t\t<\/div>\n\t\t\t\t<\/div>\n\t\t\t\t<div class=\"elementor-element elementor-element-f3251cc overlay-box elementor-widget elementor-widget-image\" data-id=\"f3251cc\" data-element_type=\"widget\" data-widget_type=\"image.default\">\n\t\t\t\t<div class=\"elementor-widget-container\">\n\t\t\t\t\t\t\t\t\t\t\t\t\t\t\t<img loading=\"lazy\" decoding=\"async\" width=\"600\" height=\"620\" src=\"https:\/\/www.biholiday.com\/wp-content\/uploads\/2025\/04\/Villaggio_San_Francesco_4.jpg\" class=\"attachment-large size-large wp-image-1600\" alt=\"\" srcset=\"https:\/\/www.biholiday.com\/wp-content\/uploads\/2025\/04\/Villaggio_San_Francesco_4.jpg 600w, https:\/\/www.biholiday.com\/wp-content\/uploads\/2025\/04\/Villaggio_San_Francesco_4-290x300.jpg 290w\" sizes=\"(max-width: 600px) 100vw, 600px\" \/>\t\t\t\t\t\t\t\t\t\t\t\t\t\t\t<\/div>\n\t\t\t\t<\/div>\n\t\t\t\t<\/div>\n\t\t<div class=\"has_eae_slider elementor-element elementor-element-14e79ef0 e-con-full e-flex e-con e-child\" data-eae-slider=\"57569\" data-id=\"14e79ef0\" data-element_type=\"container\">\n\t\t\t\t<div class=\"elementor-element elementor-element-2062f3b5 elementor-widget elementor-widget-text-editor\" data-id=\"2062f3b5\" data-element_type=\"widget\" data-widget_type=\"text-editor.default\">\n\t\t\t\t<div class=\"elementor-widget-container\">\n\t\t\t\t\t\t\t\t\t<p><strong>Bazeni i vodeni park<\/strong> pretvaraju se u pravo kraljevstvo za velike i male, uz 15 <strong>razli\u010ditih sportskih aktivnosti<\/strong> i <strong>uzbudljiv tim animacije<\/strong> koji je uvijek spreman donijeti zabavu za cijelu obitelj.<\/p>\t\t\t\t\t\t\t\t<\/div>\n\t\t\t\t<\/div>\n\t\t\t\t<div class=\"elementor-element elementor-element-2d1beab8 elementor-position-left elementor-mobile-position-left elementor-view-default elementor-widget elementor-widget-icon-box\" data-id=\"2d1beab8\" data-element_type=\"widget\" data-widget_type=\"icon-box.default\">\n\t\t\t\t<div class=\"elementor-widget-container\">\n\t\t\t\t\t\t\t<div class=\"elementor-icon-box-wrapper\">\n\n\t\t\t\t\t\t<div class=\"elementor-icon-box-icon\">\n\t\t\t\t<a href=\"https:\/\/www.villaggiosanfrancesco.com\/en\/\" target=\"_blank\" class=\"elementor-icon\" tabindex=\"-1\" aria-label=\"Istra\u017ei Villaggio San Francesco\">\n\t\t\t\t<svg xmlns=\"http:\/\/www.w3.org\/2000\/svg\" width=\"23\" height=\"23\" viewBox=\"0 0 23 23\" fill=\"none\"><circle cx=\"11.5\" cy=\"11.5\" r=\"5.25\" stroke=\"#003839\" stroke-width=\"0.5\"><\/circle><circle cx=\"11.5\" cy=\"11.5\" r=\"8.25\" stroke=\"#003839\" stroke-width=\"0.5\"><\/circle><circle cx=\"11.5\" cy=\"11.5\" r=\"11.25\" stroke=\"#003839\" stroke-width=\"0.5\"><\/circle><\/svg>\t\t\t\t<\/a>\n\t\t\t<\/div>\n\t\t\t\n\t\t\t\t\t\t<div class=\"elementor-icon-box-content\">\n\n\t\t\t\t\t\t\t\t\t<div class=\"elementor-icon-box-title\">\n\t\t\t\t\t\t<a href=\"https:\/\/www.villaggiosanfrancesco.com\/en\/\" target=\"_blank\" >\n\t\t\t\t\t\t\tIstra\u017ei Villaggio San Francesco\t\t\t\t\t\t<\/a>\n\t\t\t\t\t<\/div>\n\t\t\t\t\n\t\t\t\t\n\t\t\t<\/div>\n\t\t\t\n\t\t<\/div>\n\t\t\t\t\t\t<\/div>\n\t\t\t\t<\/div>\n\t\t\t\t<\/div>\n\t\t\t\t\t<\/div>\n\t\t\t\t<\/div>\n\t\t\t\t<\/div>\n\t\t","protected":false},"excerpt":{"rendered":"<p>Izme\u0111u mora i borove \u0161ume na pla\u017ei Caorlea Camping Resort 5 zvjezdica na Jadranskoj obali Camping Resort San Francesco, 5 zvjezdica u Caorleu, je tvoje selo na moru, blizu Venecije. Smje\u0161ten u zelenilu i s prostranim parcelama, ovaj resort tako\u0111er nudi mobilne ku\u0107ice i bungalove za najzahtjevnije goste. Na raspolaganju ti je vi\u0161e od 500 [&hellip;]<\/p>\n","protected":false},"author":1,"featured_media":1354,"parent":0,"menu_order":0,"comment_status":"closed","ping_status":"closed","template":"","meta":{"_acf_changed":false,"footnotes":""},"class_list":["post-13122","page","type-page","status-publish","has-post-thumbnail","hentry"],"acf":[],"yoast_head":"<!-- This site is optimized with the Yoast SEO plugin v26.0 - https:\/\/yoast.com\/wordpress\/plugins\/seo\/ -->\n<title>Kamping Resort San Francesco, 5 zvjezdica, ljetovali\u0161te na moru u Caorle<\/title>\n<meta name=\"description\" content=\"Villaggio San Francesco je tvoje ljetovali\u0161te na moru blizu Venecije. Smje\u0161ten u zelenilu, s prostranim parcelama, mobilnim ku\u0107icama i bungalovima.\" \/>\n<meta name=\"robots\" content=\"index, follow, max-snippet:-1, max-image-preview:large, max-video-preview:-1\" \/>\n<link rel=\"canonical\" href=\"https:\/\/www.biholiday.com\/hr\/san-francesco-village\/\" \/>\n<meta property=\"og:locale\" content=\"hr_HR\" \/>\n<meta property=\"og:type\" content=\"article\" \/>\n<meta property=\"og:title\" content=\"Kamping Resort San Francesco, 5 zvjezdica, ljetovali\u0161te na moru u Caorle\" \/>\n<meta property=\"og:description\" content=\"Villaggio San Francesco je tvoje ljetovali\u0161te na moru blizu Venecije. Smje\u0161ten u zelenilu, s prostranim parcelama, mobilnim ku\u0107icama i bungalovima.\" \/>\n<meta property=\"og:url\" content=\"https:\/\/www.biholiday.com\/hr\/san-francesco-village\/\" \/>\n<meta property=\"og:site_name\" content=\"Biholiday\" \/>\n<meta property=\"article:modified_time\" content=\"2025-07-18T12:14:01+00:00\" \/>\n<meta property=\"og:image\" content=\"https:\/\/www.biholiday.com\/wp-content\/uploads\/2025\/04\/banner_villaggio-san-francesco.jpg\" \/>\n\t<meta property=\"og:image:width\" content=\"2560\" \/>\n\t<meta property=\"og:image:height\" content=\"1213\" \/>\n\t<meta property=\"og:image:type\" content=\"image\/jpeg\" \/>\n<meta name=\"twitter:card\" content=\"summary_large_image\" \/>\n<meta name=\"twitter:label1\" content=\"Procijenjeno vrijeme \u010ditanja\" \/>\n\t<meta name=\"twitter:data1\" content=\"3 minute\" \/>\n<script type=\"application\/ld+json\" class=\"yoast-schema-graph\">{\"@context\":\"https:\/\/schema.org\",\"@graph\":[{\"@type\":\"WebPage\",\"@id\":\"https:\/\/www.biholiday.com\/hr\/san-francesco-village\/\",\"url\":\"https:\/\/www.biholiday.com\/hr\/san-francesco-village\/\",\"name\":\"Kamping Resort San Francesco, 5 zvjezdica, ljetovali\u0161te na moru u Caorle\",\"isPartOf\":{\"@id\":\"https:\/\/www.biholiday.com\/hr\/#website\"},\"primaryImageOfPage\":{\"@id\":\"https:\/\/www.biholiday.com\/hr\/san-francesco-village\/#primaryimage\"},\"image\":{\"@id\":\"https:\/\/www.biholiday.com\/hr\/san-francesco-village\/#primaryimage\"},\"thumbnailUrl\":\"https:\/\/www.biholiday.com\/wp-content\/uploads\/2025\/04\/banner_villaggio-san-francesco.jpg\",\"datePublished\":\"2024-09-09T13:47:29+00:00\",\"dateModified\":\"2025-07-18T12:14:01+00:00\",\"description\":\"Villaggio San Francesco je tvoje ljetovali\u0161te na moru blizu Venecije. Smje\u0161ten u zelenilu, s prostranim parcelama, mobilnim ku\u0107icama i bungalovima.\",\"breadcrumb\":{\"@id\":\"https:\/\/www.biholiday.com\/hr\/san-francesco-village\/#breadcrumb\"},\"inLanguage\":\"hr\",\"potentialAction\":[{\"@type\":\"ReadAction\",\"target\":[\"https:\/\/www.biholiday.com\/hr\/san-francesco-village\/\"]}]},{\"@type\":\"ImageObject\",\"inLanguage\":\"hr\",\"@id\":\"https:\/\/www.biholiday.com\/hr\/san-francesco-village\/#primaryimage\",\"url\":\"https:\/\/www.biholiday.com\/wp-content\/uploads\/2025\/04\/banner_villaggio-san-francesco.jpg\",\"contentUrl\":\"https:\/\/www.biholiday.com\/wp-content\/uploads\/2025\/04\/banner_villaggio-san-francesco.jpg\",\"width\":2560,\"height\":1213},{\"@type\":\"BreadcrumbList\",\"@id\":\"https:\/\/www.biholiday.com\/hr\/san-francesco-village\/#breadcrumb\",\"itemListElement\":[{\"@type\":\"ListItem\",\"position\":1,\"name\":\"Home\",\"item\":\"https:\/\/www.biholiday.com\/hr\/\"},{\"@type\":\"ListItem\",\"position\":2,\"name\":\"San Francesco Village\"}]},{\"@type\":\"WebSite\",\"@id\":\"https:\/\/www.biholiday.com\/hr\/#website\",\"url\":\"https:\/\/www.biholiday.com\/hr\/\",\"name\":\"Biholiday\",\"description\":\"\",\"publisher\":{\"@id\":\"https:\/\/www.biholiday.com\/hr\/#organization\"},\"potentialAction\":[{\"@type\":\"SearchAction\",\"target\":{\"@type\":\"EntryPoint\",\"urlTemplate\":\"https:\/\/www.biholiday.com\/hr\/?s={search_term_string}\"},\"query-input\":{\"@type\":\"PropertyValueSpecification\",\"valueRequired\":true,\"valueName\":\"search_term_string\"}}],\"inLanguage\":\"hr\"},{\"@type\":\"Organization\",\"@id\":\"https:\/\/www.biholiday.com\/hr\/#organization\",\"name\":\"Biholiday\",\"url\":\"https:\/\/www.biholiday.com\/hr\/\",\"logo\":{\"@type\":\"ImageObject\",\"inLanguage\":\"hr\",\"@id\":\"https:\/\/www.biholiday.com\/hr\/#\/schema\/logo\/image\/\",\"url\":\"https:\/\/www.biholiday.com\/wp-content\/uploads\/2024\/09\/Logo-BiHoliday.png\",\"contentUrl\":\"https:\/\/www.biholiday.com\/wp-content\/uploads\/2024\/09\/Logo-BiHoliday.png\",\"width\":512,\"height\":256,\"caption\":\"Biholiday\"},\"image\":{\"@id\":\"https:\/\/www.biholiday.com\/hr\/#\/schema\/logo\/image\/\"}}]}<\/script>\n<!-- \/ Yoast SEO plugin. -->","yoast_head_json":{"title":"Kamping Resort San Francesco, 5 zvjezdica, ljetovali\u0161te na moru u Caorle","description":"Villaggio San Francesco je tvoje ljetovali\u0161te na moru blizu Venecije. Smje\u0161ten u zelenilu, s prostranim parcelama, mobilnim ku\u0107icama i bungalovima.","robots":{"index":"index","follow":"follow","max-snippet":"max-snippet:-1","max-image-preview":"max-image-preview:large","max-video-preview":"max-video-preview:-1"},"canonical":"https:\/\/www.biholiday.com\/hr\/san-francesco-village\/","og_locale":"hr_HR","og_type":"article","og_title":"Kamping Resort San Francesco, 5 zvjezdica, ljetovali\u0161te na moru u Caorle","og_description":"Villaggio San Francesco je tvoje ljetovali\u0161te na moru blizu Venecije. Smje\u0161ten u zelenilu, s prostranim parcelama, mobilnim ku\u0107icama i bungalovima.","og_url":"https:\/\/www.biholiday.com\/hr\/san-francesco-village\/","og_site_name":"Biholiday","article_modified_time":"2025-07-18T12:14:01+00:00","og_image":[{"width":2560,"height":1213,"url":"https:\/\/www.biholiday.com\/wp-content\/uploads\/2025\/04\/banner_villaggio-san-francesco.jpg","type":"image\/jpeg"}],"twitter_card":"summary_large_image","twitter_misc":{"Procijenjeno vrijeme \u010ditanja":"3 minute"},"schema":{"@context":"https:\/\/schema.org","@graph":[{"@type":"WebPage","@id":"https:\/\/www.biholiday.com\/hr\/san-francesco-village\/","url":"https:\/\/www.biholiday.com\/hr\/san-francesco-village\/","name":"Kamping Resort San Francesco, 5 zvjezdica, ljetovali\u0161te na moru u Caorle","isPartOf":{"@id":"https:\/\/www.biholiday.com\/hr\/#website"},"primaryImageOfPage":{"@id":"https:\/\/www.biholiday.com\/hr\/san-francesco-village\/#primaryimage"},"image":{"@id":"https:\/\/www.biholiday.com\/hr\/san-francesco-village\/#primaryimage"},"thumbnailUrl":"https:\/\/www.biholiday.com\/wp-content\/uploads\/2025\/04\/banner_villaggio-san-francesco.jpg","datePublished":"2024-09-09T13:47:29+00:00","dateModified":"2025-07-18T12:14:01+00:00","description":"Villaggio San Francesco je tvoje ljetovali\u0161te na moru blizu Venecije. Smje\u0161ten u zelenilu, s prostranim parcelama, mobilnim ku\u0107icama i bungalovima.","breadcrumb":{"@id":"https:\/\/www.biholiday.com\/hr\/san-francesco-village\/#breadcrumb"},"inLanguage":"hr","potentialAction":[{"@type":"ReadAction","target":["https:\/\/www.biholiday.com\/hr\/san-francesco-village\/"]}]},{"@type":"ImageObject","inLanguage":"hr","@id":"https:\/\/www.biholiday.com\/hr\/san-francesco-village\/#primaryimage","url":"https:\/\/www.biholiday.com\/wp-content\/uploads\/2025\/04\/banner_villaggio-san-francesco.jpg","contentUrl":"https:\/\/www.biholiday.com\/wp-content\/uploads\/2025\/04\/banner_villaggio-san-francesco.jpg","width":2560,"height":1213},{"@type":"BreadcrumbList","@id":"https:\/\/www.biholiday.com\/hr\/san-francesco-village\/#breadcrumb","itemListElement":[{"@type":"ListItem","position":1,"name":"Home","item":"https:\/\/www.biholiday.com\/hr\/"},{"@type":"ListItem","position":2,"name":"San Francesco Village"}]},{"@type":"WebSite","@id":"https:\/\/www.biholiday.com\/hr\/#website","url":"https:\/\/www.biholiday.com\/hr\/","name":"Biholiday","description":"","publisher":{"@id":"https:\/\/www.biholiday.com\/hr\/#organization"},"potentialAction":[{"@type":"SearchAction","target":{"@type":"EntryPoint","urlTemplate":"https:\/\/www.biholiday.com\/hr\/?s={search_term_string}"},"query-input":{"@type":"PropertyValueSpecification","valueRequired":true,"valueName":"search_term_string"}}],"inLanguage":"hr"},{"@type":"Organization","@id":"https:\/\/www.biholiday.com\/hr\/#organization","name":"Biholiday","url":"https:\/\/www.biholiday.com\/hr\/","logo":{"@type":"ImageObject","inLanguage":"hr","@id":"https:\/\/www.biholiday.com\/hr\/#\/schema\/logo\/image\/","url":"https:\/\/www.biholiday.com\/wp-content\/uploads\/2024\/09\/Logo-BiHoliday.png","contentUrl":"https:\/\/www.biholiday.com\/wp-content\/uploads\/2024\/09\/Logo-BiHoliday.png","width":512,"height":256,"caption":"Biholiday"},"image":{"@id":"https:\/\/www.biholiday.com\/hr\/#\/schema\/logo\/image\/"}}]}},"_links":{"self":[{"href":"https:\/\/www.biholiday.com\/hr\/wp-json\/wp\/v2\/pages\/13122","targetHints":{"allow":["GET"]}}],"collection":[{"href":"https:\/\/www.biholiday.com\/hr\/wp-json\/wp\/v2\/pages"}],"about":[{"href":"https:\/\/www.biholiday.com\/hr\/wp-json\/wp\/v2\/types\/page"}],"author":[{"embeddable":true,"href":"https:\/\/www.biholiday.com\/hr\/wp-json\/wp\/v2\/users\/1"}],"replies":[{"embeddable":true,"href":"https:\/\/www.biholiday.com\/hr\/wp-json\/wp\/v2\/comments?post=13122"}],"version-history":[{"count":7,"href":"https:\/\/www.biholiday.com\/hr\/wp-json\/wp\/v2\/pages\/13122\/revisions"}],"predecessor-version":[{"id":13876,"href":"https:\/\/www.biholiday.com\/hr\/wp-json\/wp\/v2\/pages\/13122\/revisions\/13876"}],"wp:featuredmedia":[{"embeddable":true,"href":"https:\/\/www.biholiday.com\/hr\/wp-json\/wp\/v2\/media\/1354"}],"wp:attachment":[{"href":"https:\/\/www.biholiday.com\/hr\/wp-json\/wp\/v2\/media?parent=13122"}],"curies":[{"name":"wp","href":"https:\/\/api.w.org\/{rel}","templated":true}]}}