{"id":14284,"date":"2025-07-15T08:45:04","date_gmt":"2025-07-15T06:45:04","guid":{"rendered":"https:\/\/www.biholiday.com\/whistleblowing\/"},"modified":"2025-07-22T17:05:47","modified_gmt":"2025-07-22T15:05:47","slug":"whistleblowing","status":"publish","type":"page","link":"https:\/\/www.biholiday.com\/de\/whistleblowing\/","title":{"rendered":"Whistleblowing"},"content":{"rendered":"\t\t<div data-elementor-type=\"wp-page\" data-elementor-id=\"14284\" class=\"elementor elementor-14284 elementor-13618\" data-elementor-post-type=\"page\">\n\t\t\t\t<div class=\"has_eae_slider elementor-element elementor-element-09a5cdd e-flex e-con-boxed e-con e-parent\" data-eae-slider=\"87307\" data-id=\"09a5cdd\" data-element_type=\"container\">\n\t\t\t\t\t<div class=\"e-con-inner\">\n\t\t\t\t<div class=\"elementor-element elementor-element-918cd1a elementor-widget elementor-widget-text-editor\" data-id=\"918cd1a\" data-element_type=\"widget\" data-widget_type=\"text-editor.default\">\n\t\t\t\t<div class=\"elementor-widget-container\">\n\t\t\t\t\t\t\t\t\t<h2>Whistleblowing<\/h2><p><strong>HINWEIS: EINE MELDUNG EINER UNRECHTM\u00c4SSIGKEIT IST KEINE BESCHWERDE \u00dcBER IHRE ERFAHRUNG IN UNSEREN EINRICHTUNGEN. F\u00dcR KOMMERZIELLE BESCHWERDEN, ANREGUNGEN ODER MITTEILUNGEN ZU UNSEREN \u00d6FFENTLICHEN DIENSTLEISTUNGEN WENDEN SIE SICH BITTE AN UNSER BUCHUNGSZENTRUM.<\/strong><br \/>Die BiHoliday-Gruppe verpflichtet sich, eine Unternehmenskultur zu f\u00f6rdern, die auf Ethik und Transparenz basiert. In diesem Sinne erwartet BiHoliday von allen Personen, die im Arbeitsumfeld des Unternehmens t\u00e4tig sind \u2013 wie Mitarbeitenden, F\u00fchrungskr\u00e4ften, Mitgliedern der Gesellschaftsorgane und\/oder Gesch\u00e4ftspartnern \u2013, dass sie Verst\u00f6\u00dfe gegen folgende Regelwerke melden:<\/p><ul class=\"wp-block-list\"><li>Geltende Gesetze und Vorschriften;<\/li><li>Den Ethikkodex;<\/li><li>Das Organisations-, Verwaltungs- und Kontrollmodell gem\u00e4\u00df Gesetzesdekret Nr. 231 vom 8. Juni 2001;<\/li><li>Das System der Befugnisse und Vollmachten;<\/li><li>Die internen Unternehmensrichtlinien (Gesundheits- und Sicherheitsverfahren sowie andere interne Richtlinien und Verfahren usw.).<\/li><\/ul><p>Zu diesem Zweck hat BiHoliday interne Meldekan\u00e4le f\u00fcr Verst\u00f6\u00dfe und Unregelm\u00e4\u00dfigkeiten (Handlungen und\/oder Verhaltensweisen \u2013 sei es durch Tun oder Unterlassen \u2013, die das \u00f6ffentliche Interesse oder die Integrit\u00e4t des Unternehmens beeintr\u00e4chtigen) eingerichtet. Diese Kan\u00e4le gew\u00e4hrleisten die Vertraulichkeit der Identit\u00e4t der meldenden Person sowie der gemeldeten Informationen und bieten Schutz vor m\u00f6glichen Repressalien. Auch anonyme Meldungen werden akzeptiert, jedoch wird empfohlen, namentliche Meldungen zu bevorzugen, um Untersuchungen zu beschleunigen und deren Wirksamkeit zu erh\u00f6hen.<\/p><p>BiHoliday nutzt hierf\u00fcr eine digitale Plattform, die von einem spezialisierten Drittanbieter betrieben wird und \u00fcber die Meldungen schriftlich oder per Sprachnachricht \u00fcbermittelt werden k\u00f6nnen.<\/p>\t\t\t\t\t\t\t\t<\/div>\n\t\t\t\t<\/div>\n\t\t\t\t<div class=\"elementor-element elementor-element-77eb8960 elementor-position-left elementor-mobile-position-left elementor-view-default elementor-widget elementor-widget-icon-box\" data-id=\"77eb8960\" data-element_type=\"widget\" data-widget_type=\"icon-box.default\">\n\t\t\t\t<div class=\"elementor-widget-container\">\n\t\t\t\t\t\t\t<div class=\"elementor-icon-box-wrapper\">\n\n\t\t\t\t\t\t<div class=\"elementor-icon-box-icon\">\n\t\t\t\t<a href=\"https:\/\/biholiday.integrityline.com\/?lang=en\" target=\"_blank\" class=\"elementor-icon\" tabindex=\"-1\" aria-label=\"Geben Sie hier Ihre Meldung ein\">\n\t\t\t\t<svg aria-hidden=\"true\" class=\"e-font-icon-svg e-far-circle\" viewBox=\"0 0 512 512\" xmlns=\"http:\/\/www.w3.org\/2000\/svg\"><path d=\"M256 8C119 8 8 119 8 256s111 248 248 248 248-111 248-248S393 8 256 8zm0 448c-110.5 0-200-89.5-200-200S145.5 56 256 56s200 89.5 200 200-89.5 200-200 200z\"><\/path><\/svg>\t\t\t\t<\/a>\n\t\t\t<\/div>\n\t\t\t\n\t\t\t\t\t\t<div class=\"elementor-icon-box-content\">\n\n\t\t\t\t\t\t\t\t\t<div class=\"elementor-icon-box-title\">\n\t\t\t\t\t\t<a href=\"https:\/\/biholiday.integrityline.com\/?lang=en\" target=\"_blank\" >\n\t\t\t\t\t\t\tGeben Sie hier Ihre Meldung ein\t\t\t\t\t\t<\/a>\n\t\t\t\t\t<\/div>\n\t\t\t\t\n\t\t\t\t\n\t\t\t<\/div>\n\t\t\t\n\t\t<\/div>\n\t\t\t\t\t\t<\/div>\n\t\t\t\t<\/div>\n\t\t\t\t\t<\/div>\n\t\t\t\t<\/div>\n\t\t\t\t<\/div>\n\t\t","protected":false},"excerpt":{"rendered":"<p>Whistleblowing HINWEIS: EINE MELDUNG EINER UNRECHTM\u00c4SSIGKEIT IST KEINE BESCHWERDE \u00dcBER IHRE ERFAHRUNG IN UNSEREN EINRICHTUNGEN. F\u00dcR KOMMERZIELLE BESCHWERDEN, ANREGUNGEN ODER MITTEILUNGEN ZU UNSEREN \u00d6FFENTLICHEN DIENSTLEISTUNGEN WENDEN SIE SICH BITTE AN UNSER BUCHUNGSZENTRUM.Die BiHoliday-Gruppe verpflichtet sich, eine Unternehmenskultur zu f\u00f6rdern, die auf Ethik und Transparenz basiert. In diesem Sinne erwartet BiHoliday von allen Personen, die im [&hellip;]<\/p>\n","protected":false},"author":5,"featured_media":0,"parent":0,"menu_order":0,"comment_status":"closed","ping_status":"closed","template":"","meta":{"_acf_changed":false,"footnotes":""},"class_list":["post-14284","page","type-page","status-publish","hentry"],"acf":[],"yoast_head":"<!-- This site is optimized with the Yoast SEO plugin v26.0 - https:\/\/yoast.com\/wordpress\/plugins\/seo\/ -->\n<title>Whistleblowing - Biholiday<\/title>\n<meta name=\"robots\" content=\"index, follow, max-snippet:-1, max-image-preview:large, max-video-preview:-1\" \/>\n<link rel=\"canonical\" href=\"https:\/\/www.biholiday.com\/de\/whistleblowing\/\" \/>\n<meta property=\"og:locale\" content=\"de_DE\" \/>\n<meta property=\"og:type\" content=\"article\" \/>\n<meta property=\"og:title\" content=\"Whistleblowing - Biholiday\" \/>\n<meta property=\"og:description\" content=\"Whistleblowing HINWEIS: EINE MELDUNG EINER UNRECHTM\u00c4SSIGKEIT IST KEINE BESCHWERDE \u00dcBER IHRE ERFAHRUNG IN UNSEREN EINRICHTUNGEN. F\u00dcR KOMMERZIELLE BESCHWERDEN, ANREGUNGEN ODER MITTEILUNGEN ZU UNSEREN \u00d6FFENTLICHEN DIENSTLEISTUNGEN WENDEN SIE SICH BITTE AN UNSER BUCHUNGSZENTRUM.Die BiHoliday-Gruppe verpflichtet sich, eine Unternehmenskultur zu f\u00f6rdern, die auf Ethik und Transparenz basiert. In diesem Sinne erwartet BiHoliday von allen Personen, die im [&hellip;]\" \/>\n<meta property=\"og:url\" content=\"https:\/\/www.biholiday.com\/de\/whistleblowing\/\" \/>\n<meta property=\"og:site_name\" content=\"Biholiday\" \/>\n<meta property=\"article:modified_time\" content=\"2025-07-22T15:05:47+00:00\" \/>\n<meta name=\"twitter:card\" content=\"summary_large_image\" \/>\n<meta name=\"twitter:label1\" content=\"Gesch\u00e4tzte Lesezeit\" \/>\n\t<meta name=\"twitter:data1\" content=\"2\u00a0Minuten\" \/>\n<script type=\"application\/ld+json\" class=\"yoast-schema-graph\">{\"@context\":\"https:\/\/schema.org\",\"@graph\":[{\"@type\":\"WebPage\",\"@id\":\"https:\/\/www.biholiday.com\/de\/whistleblowing\/\",\"url\":\"https:\/\/www.biholiday.com\/de\/whistleblowing\/\",\"name\":\"Whistleblowing - Biholiday\",\"isPartOf\":{\"@id\":\"https:\/\/www.biholiday.com\/de\/#website\"},\"datePublished\":\"2025-07-15T06:45:04+00:00\",\"dateModified\":\"2025-07-22T15:05:47+00:00\",\"breadcrumb\":{\"@id\":\"https:\/\/www.biholiday.com\/de\/whistleblowing\/#breadcrumb\"},\"inLanguage\":\"de\",\"potentialAction\":[{\"@type\":\"ReadAction\",\"target\":[\"https:\/\/www.biholiday.com\/de\/whistleblowing\/\"]}]},{\"@type\":\"BreadcrumbList\",\"@id\":\"https:\/\/www.biholiday.com\/de\/whistleblowing\/#breadcrumb\",\"itemListElement\":[{\"@type\":\"ListItem\",\"position\":1,\"name\":\"Home\",\"item\":\"https:\/\/www.biholiday.com\/de\/\"},{\"@type\":\"ListItem\",\"position\":2,\"name\":\"Whistleblowing\"}]},{\"@type\":\"WebSite\",\"@id\":\"https:\/\/www.biholiday.com\/de\/#website\",\"url\":\"https:\/\/www.biholiday.com\/de\/\",\"name\":\"Biholiday\",\"description\":\"\",\"publisher\":{\"@id\":\"https:\/\/www.biholiday.com\/de\/#organization\"},\"potentialAction\":[{\"@type\":\"SearchAction\",\"target\":{\"@type\":\"EntryPoint\",\"urlTemplate\":\"https:\/\/www.biholiday.com\/de\/?s={search_term_string}\"},\"query-input\":{\"@type\":\"PropertyValueSpecification\",\"valueRequired\":true,\"valueName\":\"search_term_string\"}}],\"inLanguage\":\"de\"},{\"@type\":\"Organization\",\"@id\":\"https:\/\/www.biholiday.com\/de\/#organization\",\"name\":\"Biholiday\",\"url\":\"https:\/\/www.biholiday.com\/de\/\",\"logo\":{\"@type\":\"ImageObject\",\"inLanguage\":\"de\",\"@id\":\"https:\/\/www.biholiday.com\/de\/#\/schema\/logo\/image\/\",\"url\":\"https:\/\/www.biholiday.com\/wp-content\/uploads\/2024\/09\/Logo-BiHoliday.png\",\"contentUrl\":\"https:\/\/www.biholiday.com\/wp-content\/uploads\/2024\/09\/Logo-BiHoliday.png\",\"width\":512,\"height\":256,\"caption\":\"Biholiday\"},\"image\":{\"@id\":\"https:\/\/www.biholiday.com\/de\/#\/schema\/logo\/image\/\"}}]}<\/script>\n<!-- \/ Yoast SEO plugin. -->","yoast_head_json":{"title":"Whistleblowing - Biholiday","robots":{"index":"index","follow":"follow","max-snippet":"max-snippet:-1","max-image-preview":"max-image-preview:large","max-video-preview":"max-video-preview:-1"},"canonical":"https:\/\/www.biholiday.com\/de\/whistleblowing\/","og_locale":"de_DE","og_type":"article","og_title":"Whistleblowing - Biholiday","og_description":"Whistleblowing HINWEIS: EINE MELDUNG EINER UNRECHTM\u00c4SSIGKEIT IST KEINE BESCHWERDE \u00dcBER IHRE ERFAHRUNG IN UNSEREN EINRICHTUNGEN. F\u00dcR KOMMERZIELLE BESCHWERDEN, ANREGUNGEN ODER MITTEILUNGEN ZU UNSEREN \u00d6FFENTLICHEN DIENSTLEISTUNGEN WENDEN SIE SICH BITTE AN UNSER BUCHUNGSZENTRUM.Die BiHoliday-Gruppe verpflichtet sich, eine Unternehmenskultur zu f\u00f6rdern, die auf Ethik und Transparenz basiert. In diesem Sinne erwartet BiHoliday von allen Personen, die im [&hellip;]","og_url":"https:\/\/www.biholiday.com\/de\/whistleblowing\/","og_site_name":"Biholiday","article_modified_time":"2025-07-22T15:05:47+00:00","twitter_card":"summary_large_image","twitter_misc":{"Gesch\u00e4tzte Lesezeit":"2\u00a0Minuten"},"schema":{"@context":"https:\/\/schema.org","@graph":[{"@type":"WebPage","@id":"https:\/\/www.biholiday.com\/de\/whistleblowing\/","url":"https:\/\/www.biholiday.com\/de\/whistleblowing\/","name":"Whistleblowing - Biholiday","isPartOf":{"@id":"https:\/\/www.biholiday.com\/de\/#website"},"datePublished":"2025-07-15T06:45:04+00:00","dateModified":"2025-07-22T15:05:47+00:00","breadcrumb":{"@id":"https:\/\/www.biholiday.com\/de\/whistleblowing\/#breadcrumb"},"inLanguage":"de","potentialAction":[{"@type":"ReadAction","target":["https:\/\/www.biholiday.com\/de\/whistleblowing\/"]}]},{"@type":"BreadcrumbList","@id":"https:\/\/www.biholiday.com\/de\/whistleblowing\/#breadcrumb","itemListElement":[{"@type":"ListItem","position":1,"name":"Home","item":"https:\/\/www.biholiday.com\/de\/"},{"@type":"ListItem","position":2,"name":"Whistleblowing"}]},{"@type":"WebSite","@id":"https:\/\/www.biholiday.com\/de\/#website","url":"https:\/\/www.biholiday.com\/de\/","name":"Biholiday","description":"","publisher":{"@id":"https:\/\/www.biholiday.com\/de\/#organization"},"potentialAction":[{"@type":"SearchAction","target":{"@type":"EntryPoint","urlTemplate":"https:\/\/www.biholiday.com\/de\/?s={search_term_string}"},"query-input":{"@type":"PropertyValueSpecification","valueRequired":true,"valueName":"search_term_string"}}],"inLanguage":"de"},{"@type":"Organization","@id":"https:\/\/www.biholiday.com\/de\/#organization","name":"Biholiday","url":"https:\/\/www.biholiday.com\/de\/","logo":{"@type":"ImageObject","inLanguage":"de","@id":"https:\/\/www.biholiday.com\/de\/#\/schema\/logo\/image\/","url":"https:\/\/www.biholiday.com\/wp-content\/uploads\/2024\/09\/Logo-BiHoliday.png","contentUrl":"https:\/\/www.biholiday.com\/wp-content\/uploads\/2024\/09\/Logo-BiHoliday.png","width":512,"height":256,"caption":"Biholiday"},"image":{"@id":"https:\/\/www.biholiday.com\/de\/#\/schema\/logo\/image\/"}}]}},"_links":{"self":[{"href":"https:\/\/www.biholiday.com\/de\/wp-json\/wp\/v2\/pages\/14284","targetHints":{"allow":["GET"]}}],"collection":[{"href":"https:\/\/www.biholiday.com\/de\/wp-json\/wp\/v2\/pages"}],"about":[{"href":"https:\/\/www.biholiday.com\/de\/wp-json\/wp\/v2\/types\/page"}],"author":[{"embeddable":true,"href":"https:\/\/www.biholiday.com\/de\/wp-json\/wp\/v2\/users\/5"}],"replies":[{"embeddable":true,"href":"https:\/\/www.biholiday.com\/de\/wp-json\/wp\/v2\/comments?post=14284"}],"version-history":[{"count":9,"href":"https:\/\/www.biholiday.com\/de\/wp-json\/wp\/v2\/pages\/14284\/revisions"}],"predecessor-version":[{"id":14317,"href":"https:\/\/www.biholiday.com\/de\/wp-json\/wp\/v2\/pages\/14284\/revisions\/14317"}],"wp:attachment":[{"href":"https:\/\/www.biholiday.com\/de\/wp-json\/wp\/v2\/media?parent=14284"}],"curies":[{"name":"wp","href":"https:\/\/api.w.org\/{rel}","templated":true}]}}