{"id":13125,"date":"2024-09-09T15:47:29","date_gmt":"2024-09-09T13:47:29","guid":{"rendered":"https:\/\/www.biholiday.com\/san-francesco-village\/"},"modified":"2025-07-18T13:59:13","modified_gmt":"2025-07-18T11:59:13","slug":"san-francesco-village","status":"publish","type":"page","link":"https:\/\/www.biholiday.com\/de\/san-francesco-village\/","title":{"rendered":"San Francesco Village"},"content":{"rendered":"\t\t<div data-elementor-type=\"wp-page\" data-elementor-id=\"13125\" class=\"elementor elementor-13125 elementor-63\" data-elementor-post-type=\"page\">\n\t\t\t\t<div class=\"has_eae_slider elementor-element elementor-element-79e7f366 e-flex e-con-boxed e-con e-parent\" data-eae-slider=\"24293\" data-id=\"79e7f366\" data-element_type=\"container\">\n\t\t\t\t\t<div class=\"e-con-inner\">\n\t\t\t\t<div class=\"elementor-element elementor-element-167c46a6 elementor-widget elementor-widget-text-editor\" data-id=\"167c46a6\" data-element_type=\"widget\" data-widget_type=\"text-editor.default\">\n\t\t\t\t<div class=\"elementor-widget-container\">\n\t\t\t\t\t\t\t\t\t<p><em>Zwischen Meer und Pinienwald am Strand von Caorle<\/em><\/p><h1>5-Sterne-Camping-Resort an der Adriak\u00fcste<\/h1><p>Das <strong>Camping Resort San Francesco, 5 Sterne in Caorle<\/strong>, ist dein Feriendorf am Meer, nahe Venedig. Umgeben von Gr\u00fcnfl\u00e4chen und mit gro\u00dfz\u00fcgigen Stellpl\u00e4tzen, bietet dieses Resort auch Mobilheime und Bungalows f\u00fcr die anspruchsvolleren G\u00e4ste. Mehr als 500 Meter privaten Strand am Meer von Caorle stehen dir zur Verf\u00fcgung, <strong>mit der Blauen Flagge Europas<\/strong><\/p>\t\t\t\t\t\t\t\t<\/div>\n\t\t\t\t<\/div>\n\t\t\t\t<div class=\"elementor-element elementor-element-c500bc0 elementor-position-left elementor-mobile-position-left elementor-view-default elementor-widget elementor-widget-icon-box\" data-id=\"c500bc0\" data-element_type=\"widget\" data-widget_type=\"icon-box.default\">\n\t\t\t\t<div class=\"elementor-widget-container\">\n\t\t\t\t\t\t\t<div class=\"elementor-icon-box-wrapper\">\n\n\t\t\t\t\t\t<div class=\"elementor-icon-box-icon\">\n\t\t\t\t<a href=\"https:\/\/www.villaggiosanfrancesco.com\/de\/\" target=\"_blank\" class=\"elementor-icon\" tabindex=\"-1\" aria-label=\"Entdecke das Camping Resort\">\n\t\t\t\t<svg xmlns=\"http:\/\/www.w3.org\/2000\/svg\" width=\"23\" height=\"23\" viewBox=\"0 0 23 23\" fill=\"none\"><circle cx=\"11.5\" cy=\"11.5\" r=\"5.25\" stroke=\"#003839\" stroke-width=\"0.5\"><\/circle><circle cx=\"11.5\" cy=\"11.5\" r=\"8.25\" stroke=\"#003839\" stroke-width=\"0.5\"><\/circle><circle cx=\"11.5\" cy=\"11.5\" r=\"11.25\" stroke=\"#003839\" stroke-width=\"0.5\"><\/circle><\/svg>\t\t\t\t<\/a>\n\t\t\t<\/div>\n\t\t\t\n\t\t\t\t\t\t<div class=\"elementor-icon-box-content\">\n\n\t\t\t\t\t\t\t\t\t<div class=\"elementor-icon-box-title\">\n\t\t\t\t\t\t<a href=\"https:\/\/www.villaggiosanfrancesco.com\/de\/\" target=\"_blank\" >\n\t\t\t\t\t\t\tEntdecke das Camping Resort\t\t\t\t\t\t<\/a>\n\t\t\t\t\t<\/div>\n\t\t\t\t\n\t\t\t\t\n\t\t\t<\/div>\n\t\t\t\n\t\t<\/div>\n\t\t\t\t\t\t<\/div>\n\t\t\t\t<\/div>\n\t\t\t\t\t<\/div>\n\t\t\t\t<\/div>\n\t\t<div class=\"has_eae_slider elementor-element elementor-element-6460dd88 e-flex e-con-boxed e-con e-parent\" data-eae-slider=\"72728\" data-id=\"6460dd88\" data-element_type=\"container\" data-settings=\"{&quot;background_background&quot;:&quot;gradient&quot;}\">\n\t\t\t\t\t<div class=\"e-con-inner\">\n\t\t\t\t<div class=\"elementor-element elementor-element-57ac61c6 elementor-widget elementor-widget-image\" data-id=\"57ac61c6\" data-element_type=\"widget\" data-widget_type=\"image.default\">\n\t\t\t\t<div class=\"elementor-widget-container\">\n\t\t\t\t\t\t\t\t\t\t\t\t\t\t\t<img fetchpriority=\"high\" decoding=\"async\" width=\"1440\" height=\"672\" src=\"https:\/\/www.biholiday.com\/wp-content\/uploads\/2025\/04\/Villaggio_San_Francesco_1.jpg\" class=\"attachment-full size-full wp-image-1587\" alt=\"\" srcset=\"https:\/\/www.biholiday.com\/wp-content\/uploads\/2025\/04\/Villaggio_San_Francesco_1.jpg 1440w, https:\/\/www.biholiday.com\/wp-content\/uploads\/2025\/04\/Villaggio_San_Francesco_1-300x140.jpg 300w, https:\/\/www.biholiday.com\/wp-content\/uploads\/2025\/04\/Villaggio_San_Francesco_1-1024x478.jpg 1024w, https:\/\/www.biholiday.com\/wp-content\/uploads\/2025\/04\/Villaggio_San_Francesco_1-768x358.jpg 768w\" sizes=\"(max-width: 1440px) 100vw, 1440px\" \/>\t\t\t\t\t\t\t\t\t\t\t\t\t\t\t<\/div>\n\t\t\t\t<\/div>\n\t\t\t\t\t<\/div>\n\t\t\t\t<\/div>\n\t\t<div class=\"has_eae_slider elementor-element elementor-element-4bb09488 e-flex e-con-boxed e-con e-parent\" data-eae-slider=\"50746\" data-id=\"4bb09488\" data-element_type=\"container\" data-settings=\"{&quot;background_background&quot;:&quot;gradient&quot;}\">\n\t\t\t\t\t<div class=\"e-con-inner\">\n\t\t<div class=\"has_eae_slider elementor-element elementor-element-4853a10c e-con-full e-flex e-con e-child\" data-eae-slider=\"57446\" data-id=\"4853a10c\" data-element_type=\"container\">\n\t\t\t\t<div class=\"elementor-element elementor-element-5f79e604 elementor-widget elementor-widget-text-editor\" data-id=\"5f79e604\" data-element_type=\"widget\" data-widget_type=\"text-editor.default\">\n\t\t\t\t<div class=\"elementor-widget-container\">\n\t\t\t\t\t\t\t\t\t<p>Hier findest du alles, was du f\u00fcr eine ma\u00dfgeschneiderte Urlaubserfahrung ben\u00f6tigst!<\/p>\t\t\t\t\t\t\t\t<\/div>\n\t\t\t\t<\/div>\n\t\t\t\t<\/div>\n\t\t<div class=\"has_eae_slider elementor-element elementor-element-f914c4f e-grid e-con-full e-con e-child\" data-eae-slider=\"58076\" data-id=\"f914c4f\" data-element_type=\"container\">\n\t\t<div class=\"has_eae_slider elementor-element elementor-element-f4c272f e-con-full e-flex e-con e-child\" data-eae-slider=\"48733\" data-id=\"f4c272f\" data-element_type=\"container\" data-settings=\"{&quot;background_background&quot;:&quot;classic&quot;}\">\n\t\t\t\t<div class=\"elementor-element elementor-element-a80cdc8 elementor-widget elementor-widget-heading\" data-id=\"a80cdc8\" data-element_type=\"widget\" data-widget_type=\"heading.default\">\n\t\t\t\t<div class=\"elementor-widget-container\">\n\t\t\t\t\t<div class=\"elementor-heading-title elementor-size-default\">Holiday Home<\/div>\t\t\t\t<\/div>\n\t\t\t\t<\/div>\n\t\t\t\t<div class=\"elementor-element elementor-element-4e3e73f8 elementor-widget elementor-widget-text-editor\" data-id=\"4e3e73f8\" data-element_type=\"widget\" data-widget_type=\"text-editor.default\">\n\t\t\t\t<div class=\"elementor-widget-container\">\n\t\t\t\t\t\t\t\t\t<p>Apartment oder kleines Ferienhaus?\u2028W\u00e4hle aus 7 verschiedenen Typen von Holiday Homes und mache deinen Urlaub unvergesslich.<\/p>\t\t\t\t\t\t\t\t<\/div>\n\t\t\t\t<\/div>\n\t\t\t\t<\/div>\n\t\t<div class=\"has_eae_slider elementor-element elementor-element-4f36fa3a e-con-full e-flex e-con e-child\" data-eae-slider=\"74778\" data-id=\"4f36fa3a\" data-element_type=\"container\" data-settings=\"{&quot;background_background&quot;:&quot;classic&quot;}\">\n\t\t\t\t<div class=\"elementor-element elementor-element-f026e62 elementor-widget elementor-widget-heading\" data-id=\"f026e62\" data-element_type=\"widget\" data-widget_type=\"heading.default\">\n\t\t\t\t<div class=\"elementor-widget-container\">\n\t\t\t\t\t<div class=\"elementor-heading-title elementor-size-default\">Lodge<\/div>\t\t\t\t<\/div>\n\t\t\t\t<\/div>\n\t\t\t\t<div class=\"elementor-element elementor-element-55155922 elementor-widget elementor-widget-text-editor\" data-id=\"55155922\" data-element_type=\"widget\" data-widget_type=\"text-editor.default\">\n\t\t\t\t<div class=\"elementor-widget-container\">\n\t\t\t\t\t\t\t\t\t<p>Meerblick oder mitten im Gr\u00fcnen des Pinienwaldes?\u2028Die Lodges befinden sich im gesamten Villaggio San Francesco, w\u00e4hle, wo du bevorzugst zu bleiben.<\/p>\t\t\t\t\t\t\t\t<\/div>\n\t\t\t\t<\/div>\n\t\t\t\t<\/div>\n\t\t<div class=\"has_eae_slider elementor-element elementor-element-44329807 e-con-full e-flex e-con e-child\" data-eae-slider=\"54564\" data-id=\"44329807\" data-element_type=\"container\" data-settings=\"{&quot;background_background&quot;:&quot;classic&quot;}\">\n\t\t\t\t<div class=\"elementor-element elementor-element-5f3798e elementor-widget elementor-widget-heading\" data-id=\"5f3798e\" data-element_type=\"widget\" data-widget_type=\"heading.default\">\n\t\t\t\t<div class=\"elementor-widget-container\">\n\t\t\t\t\t<div class=\"elementor-heading-title elementor-size-default\">B&amp;B-Option<\/div>\t\t\t\t<\/div>\n\t\t\t\t<\/div>\n\t\t\t\t<div class=\"elementor-element elementor-element-416c73ed elementor-widget elementor-widget-text-editor\" data-id=\"416c73ed\" data-element_type=\"widget\" data-widget_type=\"text-editor.default\">\n\t\t\t\t<div class=\"elementor-widget-container\">\n\t\t\t\t\t\t\t\t\t<p>Suchst du einen Urlaub mit allen Annehmlichkeiten?\u2028Die B&amp;B-Option ist die ideale L\u00f6sung f\u00fcr dich:\u2028Unterk\u00fcnfte mit privatem Bad, Bed-and-Breakfast-Service und freie Tage!<\/p>\t\t\t\t\t\t\t\t<\/div>\n\t\t\t\t<\/div>\n\t\t\t\t<\/div>\n\t\t<div class=\"has_eae_slider elementor-element elementor-element-60369959 e-con-full e-flex e-con e-child\" data-eae-slider=\"91034\" data-id=\"60369959\" data-element_type=\"container\" data-settings=\"{&quot;background_background&quot;:&quot;classic&quot;}\">\n\t\t\t\t<div class=\"elementor-element elementor-element-fd84efc elementor-widget elementor-widget-heading\" data-id=\"fd84efc\" data-element_type=\"widget\" data-widget_type=\"heading.default\">\n\t\t\t\t<div class=\"elementor-widget-container\">\n\t\t\t\t\t<div class=\"elementor-heading-title elementor-size-default\">Stellpl\u00e4tze<\/div>\t\t\t\t<\/div>\n\t\t\t\t<\/div>\n\t\t\t\t<div class=\"elementor-element elementor-element-7a94a773 elementor-widget elementor-widget-text-editor\" data-id=\"7a94a773\" data-element_type=\"widget\" data-widget_type=\"text-editor.default\">\n\t\t\t\t<div class=\"elementor-widget-container\">\n\t\t\t\t\t\t\t\t\t<p>Bist du ein echter Camper?\u2028Wenn du mit Zelt, Wohnmobil oder Wohnwagen kommst, entdecke die Belvedere-Stellpl\u00e4tze bis 100 m\u00b2 und die King-Size-Stellpl\u00e4tze bis 130 m\u00b2.<\/p>\t\t\t\t\t\t\t\t<\/div>\n\t\t\t\t<\/div>\n\t\t\t\t<\/div>\n\t\t\t\t<\/div>\n\t\t\t\t\t<\/div>\n\t\t\t\t<\/div>\n\t\t<div class=\"has_eae_slider elementor-element elementor-element-12c23648 e-flex e-con-boxed e-con e-parent\" data-eae-slider=\"44592\" data-id=\"12c23648\" data-element_type=\"container\">\n\t\t\t\t\t<div class=\"e-con-inner\">\n\t\t\t\t<div class=\"elementor-element elementor-element-402fd433 elementor-widget elementor-widget-text-editor\" data-id=\"402fd433\" data-element_type=\"widget\" data-widget_type=\"text-editor.default\">\n\t\t\t\t<div class=\"elementor-widget-container\">\n\t\t\t\t\t\t\t\t\t<p>Was macht das Camping Resort San Francesco einzigartig?<\/p>\t\t\t\t\t\t\t\t<\/div>\n\t\t\t\t<\/div>\n\t\t\t\t\t<\/div>\n\t\t\t\t<\/div>\n\t\t<div class=\"has_eae_slider elementor-element elementor-element-79101b31 e-flex e-con-boxed e-con e-parent\" data-eae-slider=\"84261\" data-id=\"79101b31\" data-element_type=\"container\">\n\t\t\t\t\t<div class=\"e-con-inner\">\n\t\t<div class=\"has_eae_slider elementor-element elementor-element-48bfbb7b e-con-full position-relative e-flex e-con e-child\" data-eae-slider=\"83094\" data-id=\"48bfbb7b\" data-element_type=\"container\">\n\t\t\t\t<div class=\"elementor-element elementor-element-27ba7fee overlay-box elementor-widget elementor-widget-image\" data-id=\"27ba7fee\" data-element_type=\"widget\" data-widget_type=\"image.default\">\n\t\t\t\t<div class=\"elementor-widget-container\">\n\t\t\t\t\t\t\t\t\t\t\t\t\t\t\t<img decoding=\"async\" width=\"480\" height=\"700\" src=\"https:\/\/www.biholiday.com\/wp-content\/uploads\/2025\/04\/Villaggio_San_Francesco_2.jpg\" class=\"attachment-full size-full wp-image-1593\" alt=\"\" srcset=\"https:\/\/www.biholiday.com\/wp-content\/uploads\/2025\/04\/Villaggio_San_Francesco_2.jpg 480w, https:\/\/www.biholiday.com\/wp-content\/uploads\/2025\/04\/Villaggio_San_Francesco_2-206x300.jpg 206w\" sizes=\"(max-width: 480px) 100vw, 480px\" \/>\t\t\t\t\t\t\t\t\t\t\t\t\t\t\t<\/div>\n\t\t\t\t<\/div>\n\t\t\t\t<div class=\"elementor-element elementor-element-513bc638 elementor-absolute elementor-widget elementor-widget-heading\" data-id=\"513bc638\" data-element_type=\"widget\" data-settings=\"{&quot;_position&quot;:&quot;absolute&quot;}\" data-widget_type=\"heading.default\">\n\t\t\t\t<div class=\"elementor-widget-container\">\n\t\t\t\t\t<div class=\"elementor-heading-title elementor-size-default\">Spa\u00df<\/div>\t\t\t\t<\/div>\n\t\t\t\t<\/div>\n\t\t\t\t<\/div>\n\t\t<div class=\"has_eae_slider elementor-element elementor-element-494ea135 e-con-full e-flex e-con e-child\" data-eae-slider=\"60437\" data-id=\"494ea135\" data-element_type=\"container\">\n\t\t\t\t<div class=\"elementor-element elementor-element-f58f149 overlay-box elementor-widget elementor-widget-image\" data-id=\"f58f149\" data-element_type=\"widget\" data-widget_type=\"image.default\">\n\t\t\t\t<div class=\"elementor-widget-container\">\n\t\t\t\t\t\t\t\t\t\t\t\t\t\t\t<img decoding=\"async\" width=\"600\" height=\"620\" src=\"https:\/\/www.biholiday.com\/wp-content\/uploads\/2025\/04\/Villaggio_San_Francesco_3.jpg\" class=\"attachment-large size-large wp-image-1598\" alt=\"\" srcset=\"https:\/\/www.biholiday.com\/wp-content\/uploads\/2025\/04\/Villaggio_San_Francesco_3.jpg 600w, https:\/\/www.biholiday.com\/wp-content\/uploads\/2025\/04\/Villaggio_San_Francesco_3-290x300.jpg 290w\" sizes=\"(max-width: 600px) 100vw, 600px\" \/>\t\t\t\t\t\t\t\t\t\t\t\t\t\t\t<\/div>\n\t\t\t\t<\/div>\n\t\t\t\t<div class=\"elementor-element elementor-element-f3251cc overlay-box elementor-widget elementor-widget-image\" data-id=\"f3251cc\" data-element_type=\"widget\" data-widget_type=\"image.default\">\n\t\t\t\t<div class=\"elementor-widget-container\">\n\t\t\t\t\t\t\t\t\t\t\t\t\t\t\t<img loading=\"lazy\" decoding=\"async\" width=\"600\" height=\"620\" src=\"https:\/\/www.biholiday.com\/wp-content\/uploads\/2025\/04\/Villaggio_San_Francesco_4.jpg\" class=\"attachment-large size-large wp-image-1603\" alt=\"\" srcset=\"https:\/\/www.biholiday.com\/wp-content\/uploads\/2025\/04\/Villaggio_San_Francesco_4.jpg 600w, https:\/\/www.biholiday.com\/wp-content\/uploads\/2025\/04\/Villaggio_San_Francesco_4-290x300.jpg 290w\" sizes=\"(max-width: 600px) 100vw, 600px\" \/>\t\t\t\t\t\t\t\t\t\t\t\t\t\t\t<\/div>\n\t\t\t\t<\/div>\n\t\t\t\t<\/div>\n\t\t<div class=\"has_eae_slider elementor-element elementor-element-14e79ef0 e-con-full e-flex e-con e-child\" data-eae-slider=\"69429\" data-id=\"14e79ef0\" data-element_type=\"container\">\n\t\t\t\t<div class=\"elementor-element elementor-element-2062f3b5 elementor-widget elementor-widget-text-editor\" data-id=\"2062f3b5\" data-element_type=\"widget\" data-widget_type=\"text-editor.default\">\n\t\t\t\t<div class=\"elementor-widget-container\">\n\t\t\t\t\t\t\t\t\t<p><strong>Schwimmb\u00e4der und Wasserpark<\/strong> verwandeln sich in ein wahres Paradies f\u00fcr Gro\u00df und Klein, mit 15 <strong>verschiedenen Sportarten<\/strong> zur Auswahl und einem <strong>begeisternden Animationsteam<\/strong>, das f\u00fcr den Spa\u00df der ganzen Familie sorgt.<\/p>\t\t\t\t\t\t\t\t<\/div>\n\t\t\t\t<\/div>\n\t\t\t\t<div class=\"elementor-element elementor-element-2d1beab8 elementor-position-left elementor-mobile-position-left elementor-view-default elementor-widget elementor-widget-icon-box\" data-id=\"2d1beab8\" data-element_type=\"widget\" data-widget_type=\"icon-box.default\">\n\t\t\t\t<div class=\"elementor-widget-container\">\n\t\t\t\t\t\t\t<div class=\"elementor-icon-box-wrapper\">\n\n\t\t\t\t\t\t<div class=\"elementor-icon-box-icon\">\n\t\t\t\t<a href=\"https:\/\/www.villaggiosanfrancesco.com\/de\/\" target=\"_blank\" class=\"elementor-icon\" tabindex=\"-1\" aria-label=\"Erkunde das Villaggio San Francesco\">\n\t\t\t\t<svg xmlns=\"http:\/\/www.w3.org\/2000\/svg\" width=\"23\" height=\"23\" viewBox=\"0 0 23 23\" fill=\"none\"><circle cx=\"11.5\" cy=\"11.5\" r=\"5.25\" stroke=\"#003839\" stroke-width=\"0.5\"><\/circle><circle cx=\"11.5\" cy=\"11.5\" r=\"8.25\" stroke=\"#003839\" stroke-width=\"0.5\"><\/circle><circle cx=\"11.5\" cy=\"11.5\" r=\"11.25\" stroke=\"#003839\" stroke-width=\"0.5\"><\/circle><\/svg>\t\t\t\t<\/a>\n\t\t\t<\/div>\n\t\t\t\n\t\t\t\t\t\t<div class=\"elementor-icon-box-content\">\n\n\t\t\t\t\t\t\t\t\t<div class=\"elementor-icon-box-title\">\n\t\t\t\t\t\t<a href=\"https:\/\/www.villaggiosanfrancesco.com\/de\/\" target=\"_blank\" >\n\t\t\t\t\t\t\tErkunde das Villaggio San Francesco\t\t\t\t\t\t<\/a>\n\t\t\t\t\t<\/div>\n\t\t\t\t\n\t\t\t\t\n\t\t\t<\/div>\n\t\t\t\n\t\t<\/div>\n\t\t\t\t\t\t<\/div>\n\t\t\t\t<\/div>\n\t\t\t\t<\/div>\n\t\t\t\t\t<\/div>\n\t\t\t\t<\/div>\n\t\t\t\t<\/div>\n\t\t","protected":false},"excerpt":{"rendered":"<p>Zwischen Meer und Pinienwald am Strand von Caorle 5-Sterne-Camping-Resort an der Adriak\u00fcste Das Camping Resort San Francesco, 5 Sterne in Caorle, ist dein Feriendorf am Meer, nahe Venedig. Umgeben von Gr\u00fcnfl\u00e4chen und mit gro\u00dfz\u00fcgigen Stellpl\u00e4tzen, bietet dieses Resort auch Mobilheime und Bungalows f\u00fcr die anspruchsvolleren G\u00e4ste. Mehr als 500 Meter privaten Strand am Meer von [&hellip;]<\/p>\n","protected":false},"author":1,"featured_media":1357,"parent":0,"menu_order":0,"comment_status":"closed","ping_status":"closed","template":"","meta":{"_acf_changed":false,"footnotes":""},"class_list":["post-13125","page","type-page","status-publish","has-post-thumbnail","hentry"],"acf":[],"yoast_head":"<!-- This site is optimized with the Yoast SEO plugin v26.0 - https:\/\/yoast.com\/wordpress\/plugins\/seo\/ -->\n<title>Camping Resort San Francesco, 5 Sterne, Ferienanlage am Meer von Caorle<\/title>\n<meta name=\"description\" content=\"Das Villaggio San Francesco ist dein Feriendorf am Meer, nahe Venedig. Eingebettet in gr\u00fcnes Land mit gro\u00dfz\u00fcgigen Stellpl\u00e4tzen, Mobilheimen und Bungalows.\" \/>\n<meta name=\"robots\" content=\"index, follow, max-snippet:-1, max-image-preview:large, max-video-preview:-1\" \/>\n<link rel=\"canonical\" href=\"https:\/\/www.biholiday.com\/de\/san-francesco-village\/\" \/>\n<meta property=\"og:locale\" content=\"de_DE\" \/>\n<meta property=\"og:type\" content=\"article\" \/>\n<meta property=\"og:title\" content=\"Camping Resort San Francesco, 5 Sterne, Ferienanlage am Meer von Caorle\" \/>\n<meta property=\"og:description\" content=\"Das Villaggio San Francesco ist dein Feriendorf am Meer, nahe Venedig. Eingebettet in gr\u00fcnes Land mit gro\u00dfz\u00fcgigen Stellpl\u00e4tzen, Mobilheimen und Bungalows.\" \/>\n<meta property=\"og:url\" content=\"https:\/\/www.biholiday.com\/de\/san-francesco-village\/\" \/>\n<meta property=\"og:site_name\" content=\"Biholiday\" \/>\n<meta property=\"article:modified_time\" content=\"2025-07-18T11:59:13+00:00\" \/>\n<meta property=\"og:image\" content=\"https:\/\/www.biholiday.com\/wp-content\/uploads\/2025\/04\/banner_villaggio-san-francesco.jpg\" \/>\n\t<meta property=\"og:image:width\" content=\"2560\" \/>\n\t<meta property=\"og:image:height\" content=\"1213\" \/>\n\t<meta property=\"og:image:type\" content=\"image\/jpeg\" \/>\n<meta name=\"twitter:card\" content=\"summary_large_image\" \/>\n<meta name=\"twitter:label1\" content=\"Gesch\u00e4tzte Lesezeit\" \/>\n\t<meta name=\"twitter:data1\" content=\"3\u00a0Minuten\" \/>\n<script type=\"application\/ld+json\" class=\"yoast-schema-graph\">{\"@context\":\"https:\/\/schema.org\",\"@graph\":[{\"@type\":\"WebPage\",\"@id\":\"https:\/\/www.biholiday.com\/de\/san-francesco-village\/\",\"url\":\"https:\/\/www.biholiday.com\/de\/san-francesco-village\/\",\"name\":\"Camping Resort San Francesco, 5 Sterne, Ferienanlage am Meer von Caorle\",\"isPartOf\":{\"@id\":\"https:\/\/www.biholiday.com\/de\/#website\"},\"primaryImageOfPage\":{\"@id\":\"https:\/\/www.biholiday.com\/de\/san-francesco-village\/#primaryimage\"},\"image\":{\"@id\":\"https:\/\/www.biholiday.com\/de\/san-francesco-village\/#primaryimage\"},\"thumbnailUrl\":\"https:\/\/www.biholiday.com\/wp-content\/uploads\/2025\/04\/banner_villaggio-san-francesco.jpg\",\"datePublished\":\"2024-09-09T13:47:29+00:00\",\"dateModified\":\"2025-07-18T11:59:13+00:00\",\"description\":\"Das Villaggio San Francesco ist dein Feriendorf am Meer, nahe Venedig. Eingebettet in gr\u00fcnes Land mit gro\u00dfz\u00fcgigen Stellpl\u00e4tzen, Mobilheimen und Bungalows.\",\"breadcrumb\":{\"@id\":\"https:\/\/www.biholiday.com\/de\/san-francesco-village\/#breadcrumb\"},\"inLanguage\":\"de\",\"potentialAction\":[{\"@type\":\"ReadAction\",\"target\":[\"https:\/\/www.biholiday.com\/de\/san-francesco-village\/\"]}]},{\"@type\":\"ImageObject\",\"inLanguage\":\"de\",\"@id\":\"https:\/\/www.biholiday.com\/de\/san-francesco-village\/#primaryimage\",\"url\":\"https:\/\/www.biholiday.com\/wp-content\/uploads\/2025\/04\/banner_villaggio-san-francesco.jpg\",\"contentUrl\":\"https:\/\/www.biholiday.com\/wp-content\/uploads\/2025\/04\/banner_villaggio-san-francesco.jpg\",\"width\":2560,\"height\":1213},{\"@type\":\"BreadcrumbList\",\"@id\":\"https:\/\/www.biholiday.com\/de\/san-francesco-village\/#breadcrumb\",\"itemListElement\":[{\"@type\":\"ListItem\",\"position\":1,\"name\":\"Home\",\"item\":\"https:\/\/www.biholiday.com\/de\/\"},{\"@type\":\"ListItem\",\"position\":2,\"name\":\"San Francesco Village\"}]},{\"@type\":\"WebSite\",\"@id\":\"https:\/\/www.biholiday.com\/de\/#website\",\"url\":\"https:\/\/www.biholiday.com\/de\/\",\"name\":\"Biholiday\",\"description\":\"\",\"publisher\":{\"@id\":\"https:\/\/www.biholiday.com\/de\/#organization\"},\"potentialAction\":[{\"@type\":\"SearchAction\",\"target\":{\"@type\":\"EntryPoint\",\"urlTemplate\":\"https:\/\/www.biholiday.com\/de\/?s={search_term_string}\"},\"query-input\":{\"@type\":\"PropertyValueSpecification\",\"valueRequired\":true,\"valueName\":\"search_term_string\"}}],\"inLanguage\":\"de\"},{\"@type\":\"Organization\",\"@id\":\"https:\/\/www.biholiday.com\/de\/#organization\",\"name\":\"Biholiday\",\"url\":\"https:\/\/www.biholiday.com\/de\/\",\"logo\":{\"@type\":\"ImageObject\",\"inLanguage\":\"de\",\"@id\":\"https:\/\/www.biholiday.com\/de\/#\/schema\/logo\/image\/\",\"url\":\"https:\/\/www.biholiday.com\/wp-content\/uploads\/2024\/09\/Logo-BiHoliday.png\",\"contentUrl\":\"https:\/\/www.biholiday.com\/wp-content\/uploads\/2024\/09\/Logo-BiHoliday.png\",\"width\":512,\"height\":256,\"caption\":\"Biholiday\"},\"image\":{\"@id\":\"https:\/\/www.biholiday.com\/de\/#\/schema\/logo\/image\/\"}}]}<\/script>\n<!-- \/ Yoast SEO plugin. -->","yoast_head_json":{"title":"Camping Resort San Francesco, 5 Sterne, Ferienanlage am Meer von Caorle","description":"Das Villaggio San Francesco ist dein Feriendorf am Meer, nahe Venedig. Eingebettet in gr\u00fcnes Land mit gro\u00dfz\u00fcgigen Stellpl\u00e4tzen, Mobilheimen und Bungalows.","robots":{"index":"index","follow":"follow","max-snippet":"max-snippet:-1","max-image-preview":"max-image-preview:large","max-video-preview":"max-video-preview:-1"},"canonical":"https:\/\/www.biholiday.com\/de\/san-francesco-village\/","og_locale":"de_DE","og_type":"article","og_title":"Camping Resort San Francesco, 5 Sterne, Ferienanlage am Meer von Caorle","og_description":"Das Villaggio San Francesco ist dein Feriendorf am Meer, nahe Venedig. Eingebettet in gr\u00fcnes Land mit gro\u00dfz\u00fcgigen Stellpl\u00e4tzen, Mobilheimen und Bungalows.","og_url":"https:\/\/www.biholiday.com\/de\/san-francesco-village\/","og_site_name":"Biholiday","article_modified_time":"2025-07-18T11:59:13+00:00","og_image":[{"width":2560,"height":1213,"url":"https:\/\/www.biholiday.com\/wp-content\/uploads\/2025\/04\/banner_villaggio-san-francesco.jpg","type":"image\/jpeg"}],"twitter_card":"summary_large_image","twitter_misc":{"Gesch\u00e4tzte Lesezeit":"3\u00a0Minuten"},"schema":{"@context":"https:\/\/schema.org","@graph":[{"@type":"WebPage","@id":"https:\/\/www.biholiday.com\/de\/san-francesco-village\/","url":"https:\/\/www.biholiday.com\/de\/san-francesco-village\/","name":"Camping Resort San Francesco, 5 Sterne, Ferienanlage am Meer von Caorle","isPartOf":{"@id":"https:\/\/www.biholiday.com\/de\/#website"},"primaryImageOfPage":{"@id":"https:\/\/www.biholiday.com\/de\/san-francesco-village\/#primaryimage"},"image":{"@id":"https:\/\/www.biholiday.com\/de\/san-francesco-village\/#primaryimage"},"thumbnailUrl":"https:\/\/www.biholiday.com\/wp-content\/uploads\/2025\/04\/banner_villaggio-san-francesco.jpg","datePublished":"2024-09-09T13:47:29+00:00","dateModified":"2025-07-18T11:59:13+00:00","description":"Das Villaggio San Francesco ist dein Feriendorf am Meer, nahe Venedig. Eingebettet in gr\u00fcnes Land mit gro\u00dfz\u00fcgigen Stellpl\u00e4tzen, Mobilheimen und Bungalows.","breadcrumb":{"@id":"https:\/\/www.biholiday.com\/de\/san-francesco-village\/#breadcrumb"},"inLanguage":"de","potentialAction":[{"@type":"ReadAction","target":["https:\/\/www.biholiday.com\/de\/san-francesco-village\/"]}]},{"@type":"ImageObject","inLanguage":"de","@id":"https:\/\/www.biholiday.com\/de\/san-francesco-village\/#primaryimage","url":"https:\/\/www.biholiday.com\/wp-content\/uploads\/2025\/04\/banner_villaggio-san-francesco.jpg","contentUrl":"https:\/\/www.biholiday.com\/wp-content\/uploads\/2025\/04\/banner_villaggio-san-francesco.jpg","width":2560,"height":1213},{"@type":"BreadcrumbList","@id":"https:\/\/www.biholiday.com\/de\/san-francesco-village\/#breadcrumb","itemListElement":[{"@type":"ListItem","position":1,"name":"Home","item":"https:\/\/www.biholiday.com\/de\/"},{"@type":"ListItem","position":2,"name":"San Francesco Village"}]},{"@type":"WebSite","@id":"https:\/\/www.biholiday.com\/de\/#website","url":"https:\/\/www.biholiday.com\/de\/","name":"Biholiday","description":"","publisher":{"@id":"https:\/\/www.biholiday.com\/de\/#organization"},"potentialAction":[{"@type":"SearchAction","target":{"@type":"EntryPoint","urlTemplate":"https:\/\/www.biholiday.com\/de\/?s={search_term_string}"},"query-input":{"@type":"PropertyValueSpecification","valueRequired":true,"valueName":"search_term_string"}}],"inLanguage":"de"},{"@type":"Organization","@id":"https:\/\/www.biholiday.com\/de\/#organization","name":"Biholiday","url":"https:\/\/www.biholiday.com\/de\/","logo":{"@type":"ImageObject","inLanguage":"de","@id":"https:\/\/www.biholiday.com\/de\/#\/schema\/logo\/image\/","url":"https:\/\/www.biholiday.com\/wp-content\/uploads\/2024\/09\/Logo-BiHoliday.png","contentUrl":"https:\/\/www.biholiday.com\/wp-content\/uploads\/2024\/09\/Logo-BiHoliday.png","width":512,"height":256,"caption":"Biholiday"},"image":{"@id":"https:\/\/www.biholiday.com\/de\/#\/schema\/logo\/image\/"}}]}},"_links":{"self":[{"href":"https:\/\/www.biholiday.com\/de\/wp-json\/wp\/v2\/pages\/13125","targetHints":{"allow":["GET"]}}],"collection":[{"href":"https:\/\/www.biholiday.com\/de\/wp-json\/wp\/v2\/pages"}],"about":[{"href":"https:\/\/www.biholiday.com\/de\/wp-json\/wp\/v2\/types\/page"}],"author":[{"embeddable":true,"href":"https:\/\/www.biholiday.com\/de\/wp-json\/wp\/v2\/users\/1"}],"replies":[{"embeddable":true,"href":"https:\/\/www.biholiday.com\/de\/wp-json\/wp\/v2\/comments?post=13125"}],"version-history":[{"count":7,"href":"https:\/\/www.biholiday.com\/de\/wp-json\/wp\/v2\/pages\/13125\/revisions"}],"predecessor-version":[{"id":13792,"href":"https:\/\/www.biholiday.com\/de\/wp-json\/wp\/v2\/pages\/13125\/revisions\/13792"}],"wp:featuredmedia":[{"embeddable":true,"href":"https:\/\/www.biholiday.com\/de\/wp-json\/wp\/v2\/media\/1357"}],"wp:attachment":[{"href":"https:\/\/www.biholiday.com\/de\/wp-json\/wp\/v2\/media?parent=13125"}],"curies":[{"name":"wp","href":"https:\/\/api.w.org\/{rel}","templated":true}]}}